{"id":25546657,"date":"2024-12-16T11:26:30","date_gmt":"2024-12-16T10:26:30","guid":{"rendered":"http:\/\/twb2025.partnerstvi2030.cz\/?page_id=25546657"},"modified":"2025-01-08T09:14:47","modified_gmt":"2025-01-08T08:14:47","slug":"plakaty-pro-rozvoj-socio-emocniho-uceni-pro-zs-sofa","status":"publish","type":"page","link":"https:\/\/tydenprowellbeing.cz\/2025\/plakaty-pro-rozvoj-socio-emocniho-uceni-pro-zs-sofa\/","title":{"rendered":"Plak\u00e1ty pro rozvoj socio-emo\u010dn\u00edho u\u010den\u00ed pro Z\u0160 (SOFA)"},"content":{"rendered":"<p>[et_pb_section fb_built=&#8220;1&#8243; _builder_version=&#8220;4.27.3&#8243; _module_preset=&#8220;default&#8220; global_colors_info=&#8220;{}&#8220;][et_pb_row _builder_version=&#8220;4.27.3&#8243; _module_preset=&#8220;default&#8220; global_colors_info=&#8220;{}&#8220;][et_pb_column type=&#8220;4_4&#8243; _builder_version=&#8220;4.27.3&#8243; _module_preset=&#8220;default&#8220; global_colors_info=&#8220;{}&#8220;][et_pb_image src=&#8220;https:\/\/www.tydenprowellbeing.cz\/wp-content\/uploads\/2024\/12\/uvodni-foto-k-materialum-pro-skoly-2-png.avif&#8220; title_text=&#8220;\u00favodn\u00ed foto k materi\u00e1l\u016fm pro \u0161koly-2&#8243; _builder_version=&#8220;4.27.4&#8243; _module_preset=&#8220;default&#8220; global_colors_info=&#8220;{}&#8220;][\/et_pb_image][et_pb_text _builder_version=&#8220;4.27.3&#8243; _module_preset=&#8220;default&#8220; global_colors_info=&#8220;{}&#8220;]<\/p>\n<p><span style=\"font-weight: 400; color: #3155a6;\"><strong><\/strong><\/span><\/p>\n<p><span style=\"font-weight: 400; color: #3155a6;\"><a href=\"https:\/\/www.societyforall.cz\/plakaty-pro-rozvoj-socio-emocniho-uceni-mladsi-zaci\" target=\"_blank\" rel=\"noopener\"><strong>Plak\u00e1ty<\/strong><\/a> podporuj\u00ed rozvoj socio-emo\u010dn\u00edho u\u010den\u00ed. M\u016f\u017eete je vyu\u017e\u00edvat v komunikaci o emoc\u00edch a \u0159e\u0161en\u00ed probl\u00e9m\u016f. Ve \u0161kole je mo\u017en\u00e9 za\u0159adit pr\u00e1ci s plak\u00e1ty do t\u0159\u00eddnick\u00fdch hodin nebo komunitn\u00edch kruh\u016f. Plak\u00e1ty jsou ur\u010den\u00e9 pro \u017e\u00e1ky a \u017e\u00e1kyn\u011b prvn\u00edho stupn\u011b.\u00a0<\/span><\/p>\n<p><span style=\"font-weight: 400; color: #3155a6;\">P\u0159ed za\u010d\u00e1tkem v\u00fduky mohou \u017e\u00e1ci vyu\u017e\u00edt \u201eBarometr emoc\u00ed\u201c k vyj\u00e1d\u0159en\u00ed, jak se c\u00edt\u00ed. To pom\u016f\u017ee u\u010diteli p\u0159izp\u016fsobit p\u0159\u00edstup k \u017e\u00e1k\u016fm podle jejich aktu\u00e1ln\u00edho stavu.<\/span><\/p>\n<p>[\/et_pb_text][\/et_pb_column][\/et_pb_row][et_pb_row column_structure=&#8220;1_2,1_2&#8243; _builder_version=&#8220;4.27.3&#8243; _module_preset=&#8220;default&#8220; global_colors_info=&#8220;{}&#8220;][et_pb_column type=&#8220;1_2&#8243; _builder_version=&#8220;4.27.3&#8243; _module_preset=&#8220;default&#8220; global_colors_info=&#8220;{}&#8220;][et_pb_text _builder_version=&#8220;4.27.4&#8243; _module_preset=&#8220;default&#8220; hover_enabled=&#8220;0&#8243; global_colors_info=&#8220;{}&#8220; sticky_enabled=&#8220;0&#8243;]<\/p>\n<p><span style=\"color: #3155a6;\"><strong><\/strong><\/span><\/p>\n<p><span style=\"text-decoration: underline;\"><span style=\"color: #cc99ff; text-decoration: underline;\"><a href=\"https:\/\/www.tydenprowellbeing.cz\/wp-content\/uploads\/2025\/01\/barometr-emoci-2.pdf\" style=\"color: #cc99ff; text-decoration: underline;\"><strong style=\"font-size: 16px;\">Barometr emoc\u00ed<\/strong><\/a><\/span><\/span><\/p>\n<p><span style=\"text-decoration: underline;\"><span style=\"color: #cc99ff; text-decoration: underline;\"><a href=\"https:\/\/www.tydenprowellbeing.cz\/wp-content\/uploads\/2025\/01\/jak-se-citis.pdf\" style=\"color: #cc99ff; text-decoration: underline;\"><strong>Jak se c\u00edt\u00ed\u0161?<\/strong><\/a><\/span><\/span><\/p>\n<p><span style=\"text-decoration: underline;\"><span style=\"color: #cc99ff; text-decoration: underline;\"><a href=\"https:\/\/www.tydenprowellbeing.cz\/wp-content\/uploads\/2025\/01\/zebricek-hnevu-2.pdf\" style=\"color: #cc99ff; text-decoration: underline;\"><strong>\u017deb\u0159\u00ed\u010dek hn\u011bvu<\/strong><\/a><\/span><\/span><\/p>\n<p><span style=\"text-decoration: underline;\"><span style=\"color: #cc99ff; text-decoration: underline;\"><a href=\"https:\/\/www.tydenprowellbeing.cz\/wp-content\/uploads\/2025\/01\/je-v-pohode-citit-se.pdf\" style=\"color: #cc99ff; text-decoration: underline;\"><strong>Je v\u00a0pohod\u011b, c\u00edtit se&#8230;<\/strong><\/a><\/span><\/span><\/p>\n<p><span style=\"text-decoration: underline;\"><span style=\"color: #cc99ff; text-decoration: underline;\"><a href=\"https:\/\/www.tydenprowellbeing.cz\/wp-content\/uploads\/2025\/01\/10-technik-zvladani-vzteku-2.pdf\" style=\"color: #cc99ff; text-decoration: underline;\"><strong>10 technik zvl\u00e1d\u00e1n\u00ed stresu<\/strong><\/a><\/span><\/span><\/p>\n<p><span style=\"text-decoration: underline;\"><span style=\"color: #cc99ff; text-decoration: underline;\"><a href=\"https:\/\/www.tydenprowellbeing.cz\/wp-content\/uploads\/2025\/01\/jak-velky-je-tvuj-problem-1.pdf\" style=\"color: #cc99ff; text-decoration: underline;\"><strong>Jak velk\u00fd je tv\u016fj probl\u00e9m?<\/strong><\/a><\/span><\/span><\/p>\n<p><span style=\"text-decoration: underline;\"><span style=\"color: #cc99ff; text-decoration: underline;\"><a href=\"https:\/\/www.tydenprowellbeing.cz\/wp-content\/uploads\/2025\/01\/co-je-mindfulness-1.pdf\" style=\"color: #cc99ff; text-decoration: underline;\"><strong>Co je mindfulness?<\/strong><\/a><\/span><\/span><\/p>\n<p><span style=\"text-decoration: underline;\"><span style=\"color: #cc99ff; text-decoration: underline;\"><a href=\"https:\/\/www.tydenprowellbeing.cz\/wp-content\/uploads\/2025\/01\/zpusoby-jak-muzes-resit-problem.pdf\" style=\"color: #cc99ff; text-decoration: underline;\"><strong>Zp\u016fsoby, jak m\u016f\u017ee\u0161 \u0159e\u0161it probl\u00e9m<\/strong><\/a><\/span><\/span><\/p>\n<p><span style=\"text-decoration: underline;\"><span style=\"color: #cc99ff; text-decoration: underline;\"><a href=\"https:\/\/www.tydenprowellbeing.cz\/wp-content\/uploads\/2025\/01\/pozitivni-mysl_page-0001.avif\" style=\"color: #cc99ff; text-decoration: underline;\"><strong>Pozitivn\u00ed mysl<\/strong><\/a><\/span><\/span><\/p>\n<p><span style=\"text-decoration: underline;\"><span style=\"color: #cc99ff; text-decoration: underline;\"><a href=\"https:\/\/www.tydenprowellbeing.cz\/wp-content\/uploads\/2025\/01\/vzkazy-pro-sebe-1-1.pdf\" style=\"color: #cc99ff; text-decoration: underline;\"><strong>Vzkazy pro sebe<\/strong><\/a><\/span><\/span><\/p>\n<p><span style=\"text-decoration: underline;\"><span style=\"color: #cc99ff; text-decoration: underline;\"><a href=\"https:\/\/www.tydenprowellbeing.cz\/wp-content\/uploads\/2025\/01\/nase-slova-maji-moc-3.pdf\" style=\"color: #cc99ff; text-decoration: underline;\"><strong>Na\u0161e slova maj\u00ed moc<\/strong><\/a><\/span><\/span><\/p>\n<p><span style=\"text-decoration: underline;\"><span style=\"color: #cc99ff; text-decoration: underline;\"><a href=\"https:\/\/www.tydenprowellbeing.cz\/wp-content\/uploads\/2025\/01\/na-co-mam-pravo_page-0001.avif\" style=\"color: #cc99ff; text-decoration: underline;\"><strong>Na co m\u00e1m pr\u00e1vo?<\/strong><\/a><\/span><\/span><\/p>\n<p><span style=\"text-decoration: underline;\"><span style=\"color: #cc99ff; text-decoration: underline;\"><a href=\"https:\/\/www.tydenprowellbeing.cz\/wp-content\/uploads\/2025\/01\/co-delat-kdyz-mam-vztek.pdf\" style=\"color: #cc99ff; text-decoration: underline;\"><strong>Co m\u00e1m d\u011blat, kdy\u017e m\u00e1m vztek<\/strong><\/a><\/span><\/span><\/p>\n<p><span style=\"color: #3155a6;\"><strong><\/strong><\/span><\/p>\n<p><span style=\"color: #3155a6;\"><strong><\/strong><\/span><\/p>\n<h3><span style=\"color: #3155a6;\"><b>P\u0159\u00edprava prost\u0159ed\u00ed a pom\u016fcek<\/b><\/span><\/h3>\n<p><span style=\"color: #3155a6;\"><b><\/b><\/span><\/p>\n<ul>\n<li style=\"font-weight: 400;\" aria-level=\"1\"><span style=\"color: #3155a6;\"><a href=\"https:\/\/www.societyforall.cz\/plakaty-pro-rozvoj-socio-emocniho-uceni-mladsi-zaci\" style=\"color: #3155a6;\" target=\"_blank\" rel=\"noopener\"><b><span style=\"color: #b391e5;\">Plak\u00e1ty<\/span><\/b><span style=\"color: #b391e5;\"><b> si vytiskn\u011bte<\/b><\/span><\/a><b>.<\/b><\/span><\/li>\n<li style=\"font-weight: 400;\" aria-level=\"1\"><span style=\"font-weight: 400; color: #3155a6;\">Vyberte plak\u00e1ty podle t\u00e9matu, kter\u00e9 chcete s t\u0159\u00eddou prob\u00edrat nebo vyberte viditeln\u00e9 m\u00edsto ve t\u0159\u00edd\u011b, kde mohou b\u00fdt plak\u00e1ty vystaveny dlouhodob\u011b.<\/span><span style=\"font-weight: 400; color: #3155a6;\"><\/span><span style=\"font-weight: 400; color: #3155a6;\"><\/span><\/li>\n<\/ul>\n<h3><span style=\"color: #3155a6;\"><b>P\u0159edstaven\u00ed aktivity \u017e\u00e1k\u016fm a \u017e\u00e1kyn\u00edm<\/b><\/span><\/h3>\n<ul>\n<li style=\"font-weight: 400;\" aria-level=\"1\"><span style=\"font-weight: 400; color: #3155a6;\">Vysv\u011btlete \u017e\u00e1k\u016fm, \u017ee plak\u00e1ty jsou pom\u016fcka pro to, aby l\u00e9pe rozum\u011bli sv\u00fdm emoc\u00edm a u\u010dili se \u0159e\u0161it r\u016fzn\u00e9 situace.<\/span><\/li>\n<li style=\"font-weight: 400;\" aria-level=\"1\"><span style=\"font-weight: 400; color: #3155a6;\">Zd\u016frazn\u011bte, \u017ee neexistuj\u00ed \u201e\u0161patn\u00e9\u201c pocity a \u017ee mluvit o emoc\u00edch nebo probl\u00e9mech je d\u016fle\u017eit\u00e9 a u\u017eite\u010dn\u00e9.<\/span><\/li>\n<li style=\"font-weight: 400;\" aria-level=\"1\"><span style=\"font-weight: 400; color: #3155a6;\">Uka\u017ete jednotliv\u00e9 plak\u00e1ty a kr\u00e1tce popi\u0161te jejich poselstv\u00ed.<\/span><\/li>\n<\/ul>\n<p>[\/et_pb_text][\/et_pb_column][et_pb_column type=&#8220;1_2&#8243; _builder_version=&#8220;4.27.3&#8243; _module_preset=&#8220;default&#8220; global_colors_info=&#8220;{}&#8220;][et_pb_image src=&#8220;https:\/\/www.tydenprowellbeing.cz\/wp-content\/uploads\/2024\/12\/10-technik-zvladani-vzteku_page-0001.avif&#8220; title_text=&#8220;10-technik-zvladani-vzteku_page-0001&#8243; _builder_version=&#8220;4.27.4&#8243; _module_preset=&#8220;default&#8220; global_colors_info=&#8220;{}&#8220;][\/et_pb_image][\/et_pb_column][\/et_pb_row][et_pb_row _builder_version=&#8220;4.27.4&#8243; _module_preset=&#8220;default&#8220; column_structure=&#8220;1_5,1_5,1_5,1_5,1_5&#8243;][et_pb_column _builder_version=&#8220;4.27.4&#8243; _module_preset=&#8220;default&#8220; type=&#8220;1_5&#8243;][et_pb_image src=&#8220;https:\/\/www.tydenprowellbeing.cz\/wp-content\/uploads\/2025\/01\/co-delat-kdyz-mam-vztek_page-0001.avif&#8220; _builder_version=&#8220;4.27.4&#8243; _module_preset=&#8220;default&#8220; title_text=&#8220;co-delat-kdyz-mam-vztek_page-0001&#8243; hover_enabled=&#8220;0&#8243; sticky_enabled=&#8220;0&#8243; box_shadow_style=&#8220;preset1&#8243; box_shadow_color=&#8220;#BCDBF1&#8243;][\/et_pb_image][\/et_pb_column][et_pb_column _builder_version=&#8220;4.27.4&#8243; _module_preset=&#8220;default&#8220; type=&#8220;1_5&#8243;][et_pb_image src=&#8220;https:\/\/www.tydenprowellbeing.cz\/wp-content\/uploads\/2025\/01\/soustredena-petka_page-0001.avif&#8220; _builder_version=&#8220;4.27.4&#8243; _module_preset=&#8220;default&#8220; title_text=&#8220;soustredena-petka_page-0001&#8243; hover_enabled=&#8220;0&#8243; sticky_enabled=&#8220;0&#8243; box_shadow_style=&#8220;preset1&#8243; box_shadow_color=&#8220;#BCDBF1&#8243;][\/et_pb_image][\/et_pb_column][et_pb_column _builder_version=&#8220;4.27.4&#8243; _module_preset=&#8220;default&#8220; type=&#8220;1_5&#8243;][et_pb_image src=&#8220;https:\/\/www.tydenprowellbeing.cz\/wp-content\/uploads\/2025\/01\/pozitivni-mysl_page-0001.avif&#8220; _builder_version=&#8220;4.27.4&#8243; _module_preset=&#8220;default&#8220; title_text=&#8220;pozitivni-mysl_page-0001&#8243; hover_enabled=&#8220;0&#8243; sticky_enabled=&#8220;0&#8243; box_shadow_style=&#8220;preset1&#8243; box_shadow_color=&#8220;#BCDBF1&#8243;][\/et_pb_image][\/et_pb_column][et_pb_column _builder_version=&#8220;4.27.4&#8243; _module_preset=&#8220;default&#8220; type=&#8220;1_5&#8243;][et_pb_image src=&#8220;https:\/\/www.tydenprowellbeing.cz\/wp-content\/uploads\/2025\/01\/na-co-mam-pravo_page-0001.avif&#8220; _builder_version=&#8220;4.27.4&#8243; _module_preset=&#8220;default&#8220; title_text=&#8220;na-co-mam-pravo_page-0001&#8243; hover_enabled=&#8220;0&#8243; sticky_enabled=&#8220;0&#8243; box_shadow_style=&#8220;preset1&#8243; box_shadow_color=&#8220;#BCDBF1&#8243;][\/et_pb_image][\/et_pb_column][et_pb_column _builder_version=&#8220;4.27.4&#8243; _module_preset=&#8220;default&#8220; type=&#8220;1_5&#8243;][et_pb_image src=&#8220;https:\/\/www.tydenprowellbeing.cz\/wp-content\/uploads\/2025\/01\/respekt_page-0001.avif&#8220; _builder_version=&#8220;4.27.4&#8243; _module_preset=&#8220;default&#8220; title_text=&#8220;respekt_page-0001&#8243; hover_enabled=&#8220;0&#8243; sticky_enabled=&#8220;0&#8243; box_shadow_style=&#8220;preset1&#8243; box_shadow_color=&#8220;#BCDBF1&#8243;][\/et_pb_image][\/et_pb_column][\/et_pb_row][et_pb_row _builder_version=&#8220;4.27.3&#8243; _module_preset=&#8220;default&#8220; global_colors_info=&#8220;{}&#8220;][et_pb_column type=&#8220;4_4&#8243; _builder_version=&#8220;4.27.3&#8243; _module_preset=&#8220;default&#8220; global_colors_info=&#8220;{}&#8220;][et_pb_text _builder_version=&#8220;4.27.3&#8243; _module_preset=&#8220;default&#8220; global_colors_info=&#8220;{}&#8220;]<\/p>\n<h3><strong><span style=\"color: #3155a6;\">Instrukce pro \u017e\u00e1ky a \u017e\u00e1kyn\u011b<\/span><\/strong><strong><span style=\"color: #3155a6;\"><\/span><\/strong><\/h3>\n<ul>\n<li style=\"font-weight: 400;\" aria-level=\"1\"><span style=\"font-weight: 400; color: #3155a6;\">V komunitn\u00edm kruhu nebo t\u0159\u00eddnick\u00e9 hodin\u011b vyberte jeden plak\u00e1t, kter\u00fd si s \u017e\u00e1ky detailn\u011b projdete.<\/span><\/li>\n<li style=\"font-weight: 400;\" aria-level=\"1\"><span style=\"font-weight: 400; color: #3155a6;\">Po\u017e\u00e1dejte \u017e\u00e1ky, aby sd\u00edleli sv\u00e9 n\u00e1zory, zku\u0161enosti nebo p\u0159\u00edklady, kter\u00e9 s\u00a0t\u00e9matem souvisej\u00ed. Nap\u0159:<\/span><\/li>\n<\/ul>\n<p><span style=\"color: #3155a6;\"><em><span style=\"font-weight: 400;\">U \u201eBarometru emoc\u00ed\u201c: \u201eKde by ses dnes um\u00edstil\/a? Pro\u010d?\u201c<\/span><\/em><\/span><\/p>\n<p><span style=\"color: #3155a6;\"><em><span style=\"font-weight: 400;\">U \u201e\u017deb\u0159\u00ed\u010dku hn\u011bvu\u201c: \u201eCo bys mohl\/a ud\u011blat, kdy\u017e se c\u00edt\u00ed\u0161 na vrcholu \u017eeb\u0159\u00ed\u010dku?\u201c<\/span><\/em><\/span><\/p>\n<ul>\n<li style=\"font-weight: 400;\" aria-level=\"1\"><span style=\"font-weight: 400; color: #3155a6;\">Povzbuzujte \u017e\u00e1ky, aby pou\u017eili plak\u00e1t p\u0159i konkr\u00e9tn\u00ed situaci (nap\u0159. p\u0159i \u0159e\u0161en\u00ed konfliktu nebo zvl\u00e1d\u00e1n\u00ed stresu).<\/span><\/li>\n<\/ul>\n<p><span style=\"color: #3155a6;\"><em><span style=\"font-weight: 400;\">U technik zvl\u00e1d\u00e1n\u00ed stresu nechte \u017e\u00e1ky techniky vyzkou\u0161et a zhodnotit, zda jim pomohly.<\/span><\/em><\/span><\/p>\n<ul>\n<li style=\"font-weight: 400;\" aria-level=\"1\"><span style=\"font-weight: 400; color: #3155a6;\">Zajist\u011bte, aby se \u017e\u00e1ci a \u017e\u00e1kyn\u011b c\u00edtili bezpe\u010dn\u011b a nevy\u017eadujte, aby sd\u00edleli n\u011bco, co je jim nep\u0159\u00edjemn\u00e9. M\u016f\u017eete nab\u00eddnout mo\u017enost anonymn\u00edho sd\u00edlen\u00ed.<\/span><span style=\"font-weight: 400; color: #3155a6;\"><\/span><\/li>\n<\/ul>\n<p><span style=\"font-weight: 400; color: #3155a6;\"><\/span><\/p>\n<h3><span style=\"color: #3155a6;\"><strong>Reflexe po aktivit\u011b<\/strong><\/span><\/h3>\n<ul>\n<li style=\"font-weight: 400;\" aria-level=\"1\"><span style=\"font-weight: 400; color: #3155a6;\">Opakovan\u011b zd\u016frazn\u011bte, \u017ee \u017e\u00e1dn\u00e1 odpov\u011b\u010f nen\u00ed \u0161patn\u00e1 a \u017ee c\u00edlem nen\u00ed srovn\u00e1v\u00e1n\u00ed s ostatn\u00edmi.<\/span><\/li>\n<li style=\"font-weight: 400;\" aria-level=\"1\"><span style=\"font-weight: 400; color: #3155a6;\">Pokud si v\u0161imnete, \u017ee n\u011bkter\u00fd \u017e\u00e1k vykazuje zn\u00e1mky stresu nebo siln\u00e9ho rozru\u0161en\u00ed, nab\u00eddn\u011bte mu individu\u00e1ln\u00ed rozhovor nebo odpo\u010dinek.<\/span><\/li>\n<\/ul>\n<p>[\/et_pb_text][\/et_pb_column][\/et_pb_row][\/et_pb_section]<\/p>\n","protected":false},"excerpt":{"rendered":"<p>Plak\u00e1ty podporuj\u00ed rozvoj socio-emo\u010dn\u00edho u\u010den\u00ed. M\u016f\u017eete je vyu\u017e\u00edvat v komunikaci o emoc\u00edch a \u0159e\u0161en\u00ed probl\u00e9m\u016f. Ve \u0161kole je mo\u017en\u00e9 za\u0159adit pr\u00e1ci s plak\u00e1ty do t\u0159\u00eddnick\u00fdch hodin nebo komunitn\u00edch kruh\u016f. Plak\u00e1ty jsou ur\u010den\u00e9 pro \u017e\u00e1ky a \u017e\u00e1kyn\u011b prvn\u00edho stupn\u011b.\u00a0 P\u0159ed za\u010d\u00e1tkem v\u00fduky mohou \u017e\u00e1ci vyu\u017e\u00edt \u201eBarometr emoc\u00ed\u201c k vyj\u00e1d\u0159en\u00ed, jak se c\u00edt\u00ed. To pom\u016f\u017ee u\u010diteli p\u0159izp\u016fsobit [&hellip;]<\/p>\n","protected":false},"author":2,"featured_media":25546663,"parent":0,"menu_order":0,"comment_status":"closed","ping_status":"closed","template":"","meta":{"_acf_changed":false,"_et_pb_use_builder":"on","_et_pb_old_content":"","_et_gb_content_width":"","inline_featured_image":false,"footnotes":""},"dipi_cpt_category":[],"class_list":["post-25546657","page","type-page","status-publish","has-post-thumbnail","hentry"],"acf":[],"_links":{"self":[{"href":"https:\/\/tydenprowellbeing.cz\/2025\/wp-json\/wp\/v2\/pages\/25546657","targetHints":{"allow":["GET"]}}],"collection":[{"href":"https:\/\/tydenprowellbeing.cz\/2025\/wp-json\/wp\/v2\/pages"}],"about":[{"href":"https:\/\/tydenprowellbeing.cz\/2025\/wp-json\/wp\/v2\/types\/page"}],"author":[{"embeddable":true,"href":"https:\/\/tydenprowellbeing.cz\/2025\/wp-json\/wp\/v2\/users\/2"}],"replies":[{"embeddable":true,"href":"https:\/\/tydenprowellbeing.cz\/2025\/wp-json\/wp\/v2\/comments?post=25546657"}],"version-history":[{"count":9,"href":"https:\/\/tydenprowellbeing.cz\/2025\/wp-json\/wp\/v2\/pages\/25546657\/revisions"}],"predecessor-version":[{"id":25547783,"href":"https:\/\/tydenprowellbeing.cz\/2025\/wp-json\/wp\/v2\/pages\/25546657\/revisions\/25547783"}],"wp:featuredmedia":[{"embeddable":true,"href":"https:\/\/tydenprowellbeing.cz\/2025\/wp-json\/wp\/v2\/media\/25546663"}],"wp:attachment":[{"href":"https:\/\/tydenprowellbeing.cz\/2025\/wp-json\/wp\/v2\/media?parent=25546657"}],"wp:term":[{"taxonomy":"dipi_cpt_category","embeddable":true,"href":"https:\/\/tydenprowellbeing.cz\/2025\/wp-json\/wp\/v2\/dipi_cpt_category?post=25546657"}],"curies":[{"name":"wp","href":"https:\/\/api.w.org\/{rel}","templated":true}]}}