{"id":25546748,"date":"2024-12-11T11:51:37","date_gmt":"2024-12-11T10:51:37","guid":{"rendered":"http:\/\/twb2025.partnerstvi2030.cz\/?page_id=25546748"},"modified":"2025-01-06T22:17:56","modified_gmt":"2025-01-06T21:17:56","slug":"do-skoly-se-tesim-kdyz-hodnotove-vzdelavani-cyril-mooney","status":"publish","type":"page","link":"https:\/\/tydenprowellbeing.cz\/2025\/do-skoly-se-tesim-kdyz-hodnotove-vzdelavani-cyril-mooney\/","title":{"rendered":"Do \u0161koly se t\u011b\u0161\u00edm, kdy\u017e&#8230; (Hodnotov\u00e9 vzd\u011bl\u00e1v\u00e1n\u00ed Cyril Mooney)"},"content":{"rendered":"<p>[et_pb_section fb_built=&#8220;1&#8243; _builder_version=&#8220;4.27.3&#8243; _module_preset=&#8220;default&#8220; global_colors_info=&#8220;{}&#8220;][et_pb_row _builder_version=&#8220;4.27.3&#8243; _module_preset=&#8220;default&#8220; global_colors_info=&#8220;{}&#8220;][et_pb_column type=&#8220;4_4&#8243; _builder_version=&#8220;4.27.3&#8243; _module_preset=&#8220;default&#8220; global_colors_info=&#8220;{}&#8220;][et_pb_image src=&#8220;https:\/\/www.tydenprowellbeing.cz\/wp-content\/uploads\/2024\/12\/uvodni-foto-k-materialum-pro-skoly-10-png.avif&#8220; title_text=&#8220;\u00favodn\u00ed foto k materi\u00e1l\u016fm pro \u0161koly-10&#8243; _builder_version=&#8220;4.27.4&#8243; _module_preset=&#8220;default&#8220; hover_enabled=&#8220;0&#8243; global_colors_info=&#8220;{}&#8220; sticky_enabled=&#8220;0&#8243;][\/et_pb_image][et_pb_text _builder_version=&#8220;4.27.4&#8243; _module_preset=&#8220;default&#8220; text_text_color=&#8220;#3155A6&#8243; hover_enabled=&#8220;0&#8243; global_colors_info=&#8220;{}&#8220; sticky_enabled=&#8220;0&#8243; min_height=&#8220;955px&#8220;]<\/p>\n<p><span style=\"font-weight: 400;\">Tyto pracovn\u00ed listy pro oba stupn\u011b Z\u0160 a pro u\u010ditele se <\/span><b>tematicky a principi\u00e1ln\u011b op\u00edraj\u00ed o<\/b><b style=\"font-size: 16px;\">\u00a0u\u010debnice MY JSME SV\u011aT<\/b><span style=\"font-size: 16px;\"> napsan\u00e9 pod veden\u00edm sestry Cyril a adaptovan\u00e9 pro\u00a0<\/span><span style=\"font-size: 16px;\">\u010desk\u00e9 prost\u0159ed\u00ed. Zam\u011b\u0159uj\u00ed se zejm\u00e9na na oblasti <\/span><b style=\"font-size: 16px;\">emo\u010dn\u00edho a soci\u00e1ln\u00edho wellbeingu<\/b><span style=\"font-size: 16px;\">.\u00a0<\/span><span style=\"font-size: 16px;\">Nab\u00edzej\u00ed studuj\u00edc\u00edm i vyu\u010duj\u00edc\u00edm p\u0159\u00edle\u017eitost zab\u00fdvat se syst\u00e9mem hodnot, vztahem\u00a0<\/span><span style=\"font-size: 16px;\">s\u00e1m k sob\u011b, ke sv\u00e9mu okol\u00ed i ke \u0161kole.\u00a0<\/span><\/p>\n<p>Listy\u00a0<span style=\"font-size: 16px;\">byly vytvo\u0159eny k leto\u0161n\u00edmu ro\u010dn\u00edku T\u00fddne pro wellbeing ve \u0161kole.\u00a0<\/span><span style=\"font-weight: 400;\">Jejich c\u00edlem je pomoci v\u00e1m spole\u010dn\u011b s d\u011btmi, mlad\u00fdmi lidmi nebo kolegy <\/span><b>zmapovat,\u00a0<\/b><b>co v\u00e1m pom\u00e1h\u00e1, abyste se ve \u0161kole c\u00edtili dob\u0159e.<\/b><span style=\"font-weight: 400;\"> Umo\u017en\u00ed v\u00e1m zv\u011bdomit si, kdy se\u00a0<\/span><span style=\"font-weight: 400;\">t\u011b\u0161\u00edme do \u0161koly, co pro to m\u016f\u017eeme ud\u011blat my sami a co bychom pot\u0159ebovali od\u00a0<\/span><span style=\"font-weight: 400;\">ostatn\u00edch.<\/span><\/p>\n<blockquote>\n<p><em>B<span style=\"font-weight: 400;\">erte je pros\u00edm jako ochutn\u00e1vku a mo\u017enost vyzkou\u0161et si, jak vyu\u017eit\u00ed r\u016fzn\u00fdch f\u00e1z\u00ed hodiny pos\u00edl\u00ed t\u00e9ma, vazby mezi d\u011btmi i efektivitu pr\u00e1ce. Pro soustavnou pr\u00e1ci s u\u010debnicemi <\/span><span style=\"font-weight: 400;\">My jsme sv\u011bt<\/span><span style=\"font-weight: 400;\"> a t\u00e9maty v nich zpracovan\u00fdmi je t\u0159eba absolvovat dvoudenn\u00ed kurz. V\u00edce informac\u00ed najdete v <\/span><a href=\"https:\/\/hvcm.cz\/wp-content\/uploads\/2024\/11\/HVCM_kurzy-Tyden-pro-wellbeing.pdf\" target=\"_blank\" rel=\"noopener\"><b>prezentaci<\/b><\/a><span style=\"font-weight: 400;\"> a na <\/span><a href=\"https:\/\/hvcm.cz\" target=\"_blank\" rel=\"noopener\"><span style=\"color: #b391e5; font-family: inherit; font-weight: normal;\"><b>www.hvcm.cz<\/b><\/span><\/a><\/em><\/p>\n<\/blockquote>\n<p><b style=\"font-size: 16px;\">Jak vyu\u017e\u00edt aktivitu ve t\u0159\u00edd\u011b bezpe\u010dn\u011b a efektivn\u011b?<\/b><\/p>\n<p><span style=\"font-size: 16px;\">C\u00edlem lekce je prozkoumat spole\u010dn\u011b s \u017e\u00e1ky\/kolegy, co je pro n\u00e1s ve \u0161kole d\u016fle\u017eit\u00e9, abychom se do n\u00ed mohli t\u011b\u0161it. Jednotliv\u00e9 aktivity jsou v lekci uspo\u0159\u00e1d\u00e1ny tak, aby m\u011bli \u017e\u00e1ci mo\u017enost t\u00e9ma nahl\u00e9dnout z r\u016fzn\u00fdch perspektiv. V\u011bnujte pros\u00edm pozornost jednotliv\u00fdm f\u00e1z\u00edm (pops\u00e1ny jsou v <\/span><b style=\"font-size: 16px;\">manu\u00e1lu k lekc\u00edm<\/b><span style=\"font-size: 16px;\">) a jejich n\u00e1vaznosti. Orientaci v\u00e1m i d\u011btem usnadn\u00ed jednoduch\u00e9 ikony.<\/span><\/p>\n<p><b style=\"font-size: 16px;\">P\u0159\u00edprava prost\u0159ed\u00ed \/ nutn\u00e9 vybaven\u00ed nebo pom\u016fcky<\/b><\/p>\n<p><span style=\"font-size: 16px;\">B\u011bhem aktivity budou d\u011bti pracovat ve skupin\u00e1ch. Rozhodn\u011bte se, jak chcete d\u011bti rozd\u011blit. Pokud n\u00e1hodn\u011b, m\u016f\u017eete losovat. Tak\u00e9 m\u016f\u017eete rozst\u0159\u00edhat obr\u00e1zky, rozdat d\u011btem jejich \u010d\u00e1sti \u2013 skupiny pak vzniknou slo\u017een\u00edm obr\u00e1zku. P\u0159ipravte t\u0159\u00eddu tak, aby jednotliv\u00e9 skupiny m\u011bly pohodln\u00fd prostor na pr\u00e1ci. M\u016f\u017eete vytvo\u0159it hn\u00edzda kolem stol\u016f, ale d\u011bti mohou pracovat tak\u00e9 ve voln\u00e9m prostoru a ve skupin\u00e1ch sed\u011bt na koberci nebo v kruhu utvo\u0159en\u00e9m z \u017eidl\u00ed (zde je dobr\u00e9 m\u00edt k dispozici podlo\u017eky).<\/span><\/p>\n<p><b style=\"font-size: 16px;\">P\u0159edstaven\u00ed aktivity \u017e\u00e1k\u016fm a \u017e\u00e1kyn\u00edm:<\/b><\/p>\n<blockquote>\n<p><em><span style=\"font-weight: 400;\">Ve spole\u010dn\u00e9 dvouhodinovce se budeme zab\u00fdvat t\u00edm, co je pro n\u00e1s d\u016fle\u017eit\u00e9, abychom se ve \u0161kole c\u00edtili dob\u0159e a t\u011b\u0161ili se do n\u00ed.<\/span><\/em><\/p>\n<p><em><span style=\"font-weight: 400;\">Upozorn\u011bte \u017e\u00e1ky, \u017ee z my\u0161lenek, kter\u00e9 si zaznamenaj\u00ed, mohou ve skupin\u011b sd\u00edlet jen to, co cht\u011bj\u00ed. Ve\u010fte \u017e\u00e1ky k tomu, aby ka\u017ed\u00fd ve skupin\u011b dostal slovo, ale vyjad\u0159ovat se nemus\u00ed.<\/span><\/em><\/p>\n<\/blockquote>\n<p><b>Reflexe po aktivit\u011b:<\/b><span style=\"font-weight: 400;\">\u00a0<\/span><\/p>\n<p>\u00a0<span style=\"font-weight: 400;\">Jednotliv\u00e9 f\u00e1ze na sebe navazuj\u00ed tak, \u017ee v sob\u011b z\u00e1rove\u0148 \u010d\u00e1ste\u010dn\u011b obsahuj\u00ed reflexi p\u0159edchoz\u00ed aktivity (vlastn\u00ed \u00favahy ka\u017ed\u00e9ho \u017e\u00e1ka jsou n\u00e1sledov\u00e1ny diskus\u00ed ve skupin\u011b, v\u00fdstupy skupin jsou reflektov\u00e1ny v diskusi s celou t\u0159\u00eddou, atd. V z\u00e1v\u011bru hodiny je mo\u017en\u00e9 s \u017e\u00e1ky zreflektovat, jak se jim v jednotliv\u00fdch f\u00e1z\u00edch hodiny pracovalo a jak jsou spokojeni s v\u00fdsledky spole\u010dn\u00e9 pr\u00e1ce.<\/span><\/p>\n<p><span style=\"font-weight: 400;\"><\/span><\/p>\n<p>\u00a0<strong>PRACOVN\u00cd LISTY SAMOTN\u00c9 SI M\u016e\u017dETE ST\u00c1HNOUT A VYTISKNOUT P\u0158ES ODKAZY N\u00cd\u017dE:<\/strong><strong><\/strong><span style=\"font-weight: 400;\"><\/span><\/p>\n<p><strong><\/strong><\/p>\n<ul>\n<li><strong><a href=\"https:\/\/www.tydenprowellbeing.cz\/wp-content\/uploads\/2025\/01\/Lekce-pro-1.-stupeA\u0088-HVCM.pdf\">LEKCE PRO PRVN\u00cd STUPE\u0147<\/a><\/strong><\/li>\n<li><strong><a href=\"https:\/\/www.tydenprowellbeing.cz\/wp-content\/uploads\/2025\/01\/Lekce-pro-1.-tA\u0099A\u00addu-HVCM.pdf\">LEKCE PRO 1. T\u0158\u00cdDU<\/a><\/strong><\/li>\n<li><strong><a href=\"https:\/\/www.tydenprowellbeing.cz\/wp-content\/uploads\/2025\/01\/Lekce-pro-2.-stupeA\u0088-HVCM.pdf\">LEKCE PRO DRUH\u00dd STUPE\u0147<\/a><\/strong><\/li>\n<li><a href=\"https:\/\/www.tydenprowellbeing.cz\/wp-content\/uploads\/2025\/01\/Lekce-pro-uA\u008ditele-HVCM.pdf\"><strong>LEKCE PRO VYU\u010cUJ\u00cdC\u00cd<\/strong><\/a><\/li>\n<\/ul>\n<ol><\/ol>\n<p>[\/et_pb_text][\/et_pb_column][\/et_pb_row][et_pb_row _builder_version=&#8220;4.27.4&#8243; _module_preset=&#8220;default&#8220; column_structure=&#8220;1_4,1_4,1_4,1_4&#8243;][et_pb_column _builder_version=&#8220;4.27.4&#8243; _module_preset=&#8220;default&#8220; type=&#8220;1_4&#8243;][et_pb_image src=&#8220;https:\/\/www.tydenprowellbeing.cz\/wp-content\/uploads\/2025\/01\/Lekce-pro-1.-stupeA\u0088-HVCM_page-0001.avif&#8220; _builder_version=&#8220;4.27.4&#8243; _module_preset=&#8220;default&#8220; title_text=&#8220;Lekce pro 1. stupe\u00c5\u0088 &#8211; HVCM_page-0001&#8243; hover_enabled=&#8220;0&#8243; sticky_enabled=&#8220;0&#8243; box_shadow_style=&#8220;preset1&#8243; box_shadow_color=&#8220;#B391E5&#8243;][\/et_pb_image][\/et_pb_column][et_pb_column _builder_version=&#8220;4.27.4&#8243; _module_preset=&#8220;default&#8220; type=&#8220;1_4&#8243;][et_pb_image src=&#8220;https:\/\/www.tydenprowellbeing.cz\/wp-content\/uploads\/2025\/01\/Lekce-pro-1.-tA\u0099A\u00addu-HVCM_page-0001.avif&#8220; _builder_version=&#8220;4.27.4&#8243; _module_preset=&#8220;default&#8220; title_text=&#8220;Lekce pro 1. t\u00c5\u0099\u00c3\u00addu &#8211; HVCM_page-0001&#8243; hover_enabled=&#8220;0&#8243; sticky_enabled=&#8220;0&#8243; box_shadow_style=&#8220;preset1&#8243; box_shadow_color=&#8220;#B391E5&#8243;][\/et_pb_image][\/et_pb_column][et_pb_column _builder_version=&#8220;4.27.4&#8243; _module_preset=&#8220;default&#8220; type=&#8220;1_4&#8243;][et_pb_image src=&#8220;https:\/\/www.tydenprowellbeing.cz\/wp-content\/uploads\/2025\/01\/Lekce-pro-2.-stupeA\u0088-HVCM_page-0001.avif&#8220; _builder_version=&#8220;4.27.4&#8243; _module_preset=&#8220;default&#8220; title_text=&#8220;Lekce pro 2. stupe\u00c5\u0088 &#8211; HVCM_page-0001&#8243; hover_enabled=&#8220;0&#8243; sticky_enabled=&#8220;0&#8243; box_shadow_style=&#8220;preset1&#8243; box_shadow_color=&#8220;#B391E5&#8243;][\/et_pb_image][\/et_pb_column][et_pb_column _builder_version=&#8220;4.27.4&#8243; _module_preset=&#8220;default&#8220; type=&#8220;1_4&#8243;][et_pb_image src=&#8220;https:\/\/www.tydenprowellbeing.cz\/wp-content\/uploads\/2025\/01\/Lekce-pro-uA\u008ditele-HVCM_page-0001.avif&#8220; _builder_version=&#8220;4.27.4&#8243; _module_preset=&#8220;default&#8220; title_text=&#8220;Lekce pro u\u00c4\u008ditele &#8211; HVCM_page-0001&#8243; hover_enabled=&#8220;0&#8243; sticky_enabled=&#8220;0&#8243; box_shadow_style=&#8220;preset1&#8243; box_shadow_color=&#8220;#B391E5&#8243;][\/et_pb_image][\/et_pb_column][\/et_pb_row][et_pb_row _builder_version=&#8220;4.27.4&#8243; _module_preset=&#8220;default&#8220;][et_pb_column _builder_version=&#8220;4.27.4&#8243; _module_preset=&#8220;default&#8220; type=&#8220;4_4&#8243;][et_pb_image src=&#8220;https:\/\/www.tydenprowellbeing.cz\/wp-content\/uploads\/2025\/01\/ManuA\u00a1l-k-lekcA\u00adm-HVCM_page-0002.avif&#8220; _builder_version=&#8220;4.27.4&#8243; _module_preset=&#8220;default&#8220; title_text=&#8220;Manu\u00c3\u00a1l k lekc\u00c3\u00adm HVCM_page-0002&#8243; hover_enabled=&#8220;0&#8243; sticky_enabled=&#8220;0&#8243; box_shadow_style=&#8220;preset1&#8243; box_shadow_color=&#8220;#78B6E4&#8243;][\/et_pb_image][et_pb_text _builder_version=&#8220;4.27.4&#8243; _module_preset=&#8220;default&#8220; text_text_color=&#8220;#3155A6&#8243; hover_enabled=&#8220;0&#8243; sticky_enabled=&#8220;0&#8243;]<\/p>\n<h3><span style=\"color: #3155a6;\"><strong>MANU\u00c1L K LEKC\u00cdM \/ JEDNOTLIV\u00c9 F\u00c1ZE A DOPORU\u010cEN\u00cd KE STA\u017dEN\u00cd A VYTI\u0160T\u011aN\u00cd <span style=\"color: #b391e5;\"><a href=\"https:\/\/www.tydenprowellbeing.cz\/wp-content\/uploads\/2025\/01\/ManuA\u00a1l-k-lekcA\u00adm-HVCM.pdf\" style=\"color: #b391e5;\">ZDE<\/a><\/span><\/strong><\/span><\/h3>\n<p>[\/et_pb_text][\/et_pb_column][\/et_pb_row][\/et_pb_section]<\/p>\n","protected":false},"excerpt":{"rendered":"<p>Tyto pracovn\u00ed listy pro oba stupn\u011b Z\u0160 a pro u\u010ditele se tematicky a principi\u00e1ln\u011b op\u00edraj\u00ed o\u00a0u\u010debnice MY JSME SV\u011aT napsan\u00e9 pod veden\u00edm sestry Cyril a adaptovan\u00e9 pro\u00a0\u010desk\u00e9 prost\u0159ed\u00ed. Zam\u011b\u0159uj\u00ed se zejm\u00e9na na oblasti emo\u010dn\u00edho a soci\u00e1ln\u00edho wellbeingu.\u00a0Nab\u00edzej\u00ed studuj\u00edc\u00edm i vyu\u010duj\u00edc\u00edm p\u0159\u00edle\u017eitost zab\u00fdvat se syst\u00e9mem hodnot, vztahem\u00a0s\u00e1m k sob\u011b, ke sv\u00e9mu okol\u00ed i ke \u0161kole.\u00a0 Listy\u00a0byly [&hellip;]<\/p>\n","protected":false},"author":2,"featured_media":25547192,"parent":0,"menu_order":0,"comment_status":"closed","ping_status":"closed","template":"","meta":{"_acf_changed":false,"_et_pb_use_builder":"on","_et_pb_old_content":"","_et_gb_content_width":"","inline_featured_image":false,"footnotes":""},"dipi_cpt_category":[],"class_list":["post-25546748","page","type-page","status-publish","has-post-thumbnail","hentry"],"acf":[],"_links":{"self":[{"href":"https:\/\/tydenprowellbeing.cz\/2025\/wp-json\/wp\/v2\/pages\/25546748","targetHints":{"allow":["GET"]}}],"collection":[{"href":"https:\/\/tydenprowellbeing.cz\/2025\/wp-json\/wp\/v2\/pages"}],"about":[{"href":"https:\/\/tydenprowellbeing.cz\/2025\/wp-json\/wp\/v2\/types\/page"}],"author":[{"embeddable":true,"href":"https:\/\/tydenprowellbeing.cz\/2025\/wp-json\/wp\/v2\/users\/2"}],"replies":[{"embeddable":true,"href":"https:\/\/tydenprowellbeing.cz\/2025\/wp-json\/wp\/v2\/comments?post=25546748"}],"version-history":[{"count":12,"href":"https:\/\/tydenprowellbeing.cz\/2025\/wp-json\/wp\/v2\/pages\/25546748\/revisions"}],"predecessor-version":[{"id":25547751,"href":"https:\/\/tydenprowellbeing.cz\/2025\/wp-json\/wp\/v2\/pages\/25546748\/revisions\/25547751"}],"wp:featuredmedia":[{"embeddable":true,"href":"https:\/\/tydenprowellbeing.cz\/2025\/wp-json\/wp\/v2\/media\/25547192"}],"wp:attachment":[{"href":"https:\/\/tydenprowellbeing.cz\/2025\/wp-json\/wp\/v2\/media?parent=25546748"}],"wp:term":[{"taxonomy":"dipi_cpt_category","embeddable":true,"href":"https:\/\/tydenprowellbeing.cz\/2025\/wp-json\/wp\/v2\/dipi_cpt_category?post=25546748"}],"curies":[{"name":"wp","href":"https:\/\/api.w.org\/{rel}","templated":true}]}}