{"id":25547099,"date":"2024-12-16T07:33:22","date_gmt":"2024-12-16T06:33:22","guid":{"rendered":"https:\/\/www.tydenprowellbeing.cz\/?page_id=25547099"},"modified":"2024-12-20T15:26:12","modified_gmt":"2024-12-20T14:26:12","slug":"aktivity-pro-zapojeni-cele-skoly","status":"publish","type":"page","link":"https:\/\/tydenprowellbeing.cz\/2025\/aktivity-pro-zapojeni-cele-skoly\/","title":{"rendered":"Aktivity pro zapojen\u00ed cel\u00e9 \u0161koly"},"content":{"rendered":"<p>[et_pb_section fb_built=&#8220;1&#8243; _builder_version=&#8220;4.27.4&#8243; _module_preset=&#8220;default&#8220; global_colors_info=&#8220;{}&#8220;][et_pb_row _builder_version=&#8220;4.27.4&#8243; _module_preset=&#8220;default&#8220; global_colors_info=&#8220;{}&#8220;][et_pb_column type=&#8220;4_4&#8243; _builder_version=&#8220;4.27.4&#8243; _module_preset=&#8220;default&#8220; global_colors_info=&#8220;{}&#8220;][et_pb_image src=&#8220;https:\/\/www.tydenprowellbeing.cz\/wp-content\/uploads\/2024\/12\/uvodni-foto-k-materialum-pro-skoly-9-png.avif&#8220; title_text=&#8220;\u00favodn\u00ed foto k materi\u00e1l\u016fm pro \u0161koly-9&#8243; _builder_version=&#8220;4.27.4&#8243; _module_preset=&#8220;default&#8220; global_colors_info=&#8220;{}&#8220;][\/et_pb_image][et_pb_text _builder_version=&#8220;4.27.4&#8243; _module_preset=&#8220;default&#8220; text_text_color=&#8220;#3155A6&#8243; link_text_color=&#8220;#B391E5&#8243; global_colors_info=&#8220;{}&#8220;]<\/p>\n<p dir=\"ltr\"><span style=\"color: #3155a6;\"><strong>Pokud se chcete do T\u00fddne pro wellbeing ve \u0161kole zapojit v r\u00e1mci cel\u00e9 \u0161koly, m\u016f\u017eete zvolit jednu z aktivit, kter\u00e9 jsme pro v\u00e1s p\u0159ipravili p\u0159\u00edmo pro tento \u00fa\u010del tak, aby byly nen\u00e1ro\u010dn\u00e9, kreativn\u00ed a z\u00e1rove\u0148 d\u00e1valy mo\u017enost po\u0159\u00eddit audiovizu\u00e1ln\u00ed materi\u00e1l, kter\u00fd m\u016f\u017eeme my nebo vy zve\u0159ejnit a uk\u00e1zat tak, \u017ee t\u00e9ma wellbeingu a du\u0161evn\u00edho zdrav\u00ed studuj\u00edc\u00edch i vyu\u010duj\u00edc\u00edch pova\u017eujete na va\u0161\u00ed \u0161kole za d\u016fle\u017eit\u00e9.<\/strong><\/span><span style=\"color: #3155a6;\"><strong><\/strong><\/span><\/p>\n<ul>\n<li dir=\"ltr\" aria-level=\"1\">\n<h3 dir=\"ltr\" role=\"presentation\"><span style=\"color: #3155a6;\"><strong>Zah\u00e1jen\u00ed dne spole\u010dnou sn\u00eddan\u00ed<\/strong><\/span><\/h3>\n<\/li>\n<\/ul>\n<p dir=\"ltr\"><span style=\"color: #3155a6;\">Dobr\u00fd den za\u010d\u00edn\u00e1 dobrou sn\u00eddan\u00ed. Spole\u010dnou sn\u00eddani m\u016f\u017eete uspo\u0159\u00e1dat s kolegy a kolegyn\u011bmi v pedagogick\u00e9m sboru, ve form\u00e1tu spole\u010dn\u00e9 sn\u00eddan\u011b t\u0159\u00eddn\u00edho u\u010ditele nebo u\u010ditelky a jeho t\u0159\u00eddy nebo jako otev\u0159enou sn\u00eddani, kter\u00e9 se mohou krom\u011b pracovn\u00edk\u016f \u010di pracovnic \u0161koly a studuj\u00edc\u00edch z\u00fa\u010dastnit rodi\u010de.\u00a0\u00a0<\/span><span style=\"color: #3155a6;\"><\/span><\/p>\n<ul>\n<li dir=\"ltr\" aria-level=\"1\">\n<h3 dir=\"ltr\" role=\"presentation\"><span style=\"color: #3155a6;\"><strong>Fialov\u00e1 barva oble\u010den\u00ed\u00a0<\/strong><\/span><\/h3>\n<\/li>\n<\/ul>\n<p dir=\"ltr\"><span style=\"color: #3155a6;\">Fialov\u00e1 je barvou du\u0161evn\u00edho zdrav\u00ed. V r\u00e1mci T\u00fddne pro wellbeing se m\u016f\u017eete se svou t\u0159\u00eddou na jednu hodinu, den nebo cel\u00fd t\u00fdden obl\u00e9knout do fialov\u00e9 a vyfotit se a fotografii sd\u00edlet. V\u00fdzvu ke sd\u00edlen\u00ed fotek ve fialov\u00e9m oble\u010den\u00edm budeme komunikovat tak\u00e9 k ve\u0159ejnosti prost\u0159ednictv\u00edm kampan\u011b, kterou vyhl\u00e1s\u00ed <a href=\"https:\/\/nevypustdusi.cz\/\" style=\"color: #3155a6;\" target=\"_blank\" rel=\"noopener\">Nevypus\u0165 du\u0161i<\/a> na sv\u00e9m instagramov\u00e9m \u00fa\u010dtu a ostatn\u00ed organizace ji budou \u0161\u00ed\u0159it na sv\u00fdch soci\u00e1ln\u00edch s\u00edt\u00edch. Nezapome\u0148te proto ozna\u010dit #tydenprowellbeing a @nevypustdusi.<\/span><span style=\"color: #3155a6;\">\u00a0\u00a0<\/span><\/p>\n<ul>\n<li dir=\"ltr\" aria-level=\"1\">\n<h3 dir=\"ltr\" role=\"presentation\"><span style=\"color: #3155a6;\"><strong>V\u00fdtvarn\u00e9 \u010di jin\u00e9 kreativn\u00ed zpracov\u00e1n\u00ed symbolu wellbeingu \ud83d\udc9c \/ srdce v dlan\u00edch<\/strong><\/span><\/h3>\n<\/li>\n<\/ul>\n<p dir=\"ltr\"><span>S \u017e\u00e1ky se m\u016f\u017eete ve v\u00fdtvarn\u00e9\/pracovn\u00ed v\u00fdchov\u011b nebo ICT v\u011bnovat kreativn\u00edmu ztv\u00e1rn\u011bn\u00ed symbolu wellbeingu, kter\u00fdm je srdce v dlan\u00edch. S vytvo\u0159en\u00fdm symbolem (nebo symboly) se m\u016f\u017eete vyfotit nebo jimi ozna\u010dit vchod \u0161koly, relaxa\u010dn\u00ed m\u00edsto nebo jej um\u00edstit na webov\u00e9 str\u00e1nky a soci\u00e1ln\u00ed s\u00edt\u011b \u0161koly.\u00a0<\/span><\/p>\n<p dir=\"ltr\"><span style=\"color: #3155a6;\">Symboly srdce v dlan\u00edch pro inspiraci si m\u016f\u017eete st\u00e1hnout a vytisknout <\/span><strong><a href=\"https:\/\/tydenprowellbeing.cz\/wp-content\/uploads\/2024\/01\/Navrh-bez-nazvu-4.pdf\">ZDE<\/a><\/strong><span>.\u00a0<\/span><\/p>\n<ul>\n<li dir=\"ltr\" aria-level=\"1\">\n<h3 dir=\"ltr\" role=\"presentation\"><span style=\"color: #3155a6;\"><strong>Za\u0159azen\u00ed pohybov\u00fdch aktivit zlep\u0161uj\u00edc\u00edch soust\u0159ed\u011bn\u00ed (tzv. brain breaks)<\/strong><\/span><\/h3>\n<\/li>\n<\/ul>\n<p dir=\"ltr\"><span>Poleh\u00e1vaj\u00ed va\u0161i \u017e\u00e1ci na lavic\u00edch, je pro n\u011b t\u011b\u017ek\u00e9 se soust\u0159edit nebo je va\u0161e t\u0159\u00edda jako pytel blech? A\u0165 tak \u010di tak, \u017e\u00e1k\u016fm pomohou pravideln\u00e9 kr\u00e1tk\u00e9 pohybov\u00e9 aktivty, kter\u00e9 jim umo\u017en\u00ed obnovit koncentraci a podpo\u0159\u00ed dal\u0161\u00ed funkce jejich mozkov\u00e9 k\u016fry. Kdy\u017e je mozek p\u0159et\u00ed\u017een\u00fd, pom\u00e1h\u00e1 mu pohyb. S \u017e\u00e1ky si m\u016f\u017eete vyzkou\u0161et tzv. \u201cbrain breaks\u201d neboli p\u0159est\u00e1vky pro mozek. Jsou to kr\u00e1tk\u00e1 (cca 3-minutov\u00e1) pohybov\u00e1 cvi\u010den\u00ed s hudbou.\u00a0 Jejich pravideln\u00e9 za\u0159azov\u00e1n\u00ed zlep\u0161uje u\u010den\u00ed a sni\u017euje v\u00fdskyt n\u00e1ro\u010dn\u00e9ho chov\u00e1n\u00ed. Jako ka\u017ed\u00e1 novinka, i za\u0159azen\u00ed brain breaks zprvu vyvol\u00e1 rozruch, ale s pravideln\u00fdm opakov\u00e1n\u00edm p\u0159inesou po\u017eadovan\u00fd \u00fa\u010dinek.<\/span><\/p>\n<p dir=\"ltr\"><span><em>TIP: Cvi\u010dte spole\u010dn\u011b s \u017e\u00e1ky, i v\u00e1m bude po cvi\u010den\u00ed l\u00e9pe a podpo\u0159\u00edte t\u00edm \u00fa\u010dinky cvi\u010den\u00ed na \u017e\u00e1ky.<\/em> <\/span><span>\u00a0<\/span><\/p>\n<p dir=\"ltr\"><span>Nab\u00eddku cvi\u010den\u00ed pro mlad\u0161\u00ed i star\u0161\u00ed \u017e\u00e1ky naleznete zde:<\/span><\/p>\n<p dir=\"ltr\"><a href=\"https:\/\/www.youtube.com\/watch?v=BQ9q4U2P3ig\" target=\"_blank\" rel=\"noopener\"><span>Banana Banana Meatball Song | Songs For Kids | Dance Along | GoNoodle \u2013 YouTube<\/span><\/a><\/p>\n<p dir=\"ltr\"><a href=\"https:\/\/www.youtube.com\/watch?v=ALrdpsWYoJs\" target=\"_blank\" rel=\"noopener\"><span>Wake Up! | Acivities For Kids | Exercise | GoNoodle \u2013 YouTube<\/span><\/a><span>\u00a0\u00a0\u00a0\u00a0<\/span><\/p>\n<p dir=\"ltr\"><a href=\"https:\/\/www.youtube.com\/watch?v=UiiclcOOcns\" target=\"_blank\" rel=\"noopener\"><span>\u201eKa-Pow!\u201c Superhero Dance \ud83d\udca5\ud83e\uddb8\ud83c\udffb\u200d\u2642\ufe0f Super Hero Brain Break | Danny Go! Songs for Kids \u2013 YouTube<\/span><\/a><\/p>\n<p dir=\"ltr\"><a href=\"https:\/\/www.youtube.com\/watch?v=ALrdpsWYoJs\" target=\"_blank\" rel=\"noopener\"><span>Wake Up! | Acivities For Kids | Exercise | GoNoodle \u2013 YouTube<\/span><\/a><\/p>\n<p dir=\"ltr\"><span><\/span><\/p>\n<ul>\n<li dir=\"ltr\" aria-level=\"1\">\n<h3 dir=\"ltr\" role=\"presentation\"><span style=\"color: #3155a6;\"><strong>M\u016fj obl\u00edben\u00fd p\u0159edm\u011bt nebo talisman<\/strong><\/span><\/h3>\n<\/li>\n<\/ul>\n<p dir=\"ltr\"><span>T\u0159\u00eddn\u00ed u\u010ditel a \u017e\u00e1ci a \u017e\u00e1kyn\u011b jeho t\u0159\u00eddy si do \u0161koly p\u0159inesou a vz\u00e1jemn\u011b si p\u0159edstav\u00ed svou obl\u00edbenou hra\u010dku\/p\u0159edm\u011bt\/talisman. Mohou sd\u00edlet i p\u0159\u00edb\u011bh, jak k p\u0159edm\u011btu p\u0159i\u0161li a pro\u010d je pro n\u011b tak d\u016fle\u017eit\u00fd. Po vz\u00e1jemn\u00e9m p\u0159edstaven\u00ed obl\u00edben\u00fdch p\u0159edm\u011bt\u016f je dobr\u00e9 domluvit si se studuj\u00edc\u00edmi pravidla, aby je manipulace s nimi neru\u0161ila p\u0159i u\u010den\u00ed.\u00a0<\/span><\/p>\n<p dir=\"ltr\"><span>Pokud budou studuj\u00edc\u00ed cht\u00edt, m\u016f\u017eou si obl\u00edben\u00fd p\u0159edm\u011bt do \u0161koly nosit cel\u00fd t\u00fdden.\u00a0<\/span><\/p>\n<p dir=\"ltr\"><em>TIP: M\u016f\u017eete se s d\u011btmi a studuj\u00edc\u00edmi domluvit, \u017ee si sv\u016fj obl\u00edben\u00fd p\u0159edm\u011bt mohou do \u0161koly p\u0159in\u00e9st v d\u016fle\u017eit\u00fdch dnech i ve zbytku \u0161koln\u00edho roku.<\/em><\/p>\n<ul>\n<li dir=\"ltr\" aria-level=\"1\">\n<h3 dir=\"ltr\" role=\"presentation\"><span style=\"color: #3155a6;\"><strong>Psan\u00ed vzkaz\u016f od rodi\u010d\u016f\u00a0<\/strong><\/span><\/h3>\n<\/li>\n<\/ul>\n<p dir=\"ltr\"><span>Ve \u0161kole vytvo\u0159te prostor (nap\u0159. velkoform\u00e1tov\u00fd pap\u00edr nebo mobiln\u00ed white board) nadepsan\u00fd <\/span><span>\u201cP\u0159ejeme na\u0161\u00ed \u0161kole, aby tento t\u00fdden\u2026\u201d \/ \u201dP\u0159ejeme na\u0161im d\u011btem a jejich vyu\u010duj\u00edc\u00edm, aby tento t\u00fdden\u2026\u201d<\/span><span> v m\u00edst\u011b, kam ve \u0161kole maj\u00ed p\u0159\u00edstup rodi\u010de. Rodi\u010de mohou na tuto plochu napsat p\u0159\u00e1n\u00ed\/vzkazy.\u00a0<\/span><\/p>\n<p><em>TIP: O mo\u017enosti napsat vzkaz k T\u00fddnu pro wellbeing informujte rodi\u010de prost\u0159ednictv\u00edm jejich d\u011bt\u00ed. K vysv\u011btlen\u00ed pojmu wellbieng m\u016f\u017eete pou\u017e\u00edt zjednodu\u0161enou definici Wellbeing je, kdy\u017e se r\u00e1no t\u011b\u0161\u00edm\u2026.<\/em><\/p>\n<p>[\/et_pb_text][\/et_pb_column][\/et_pb_row][\/et_pb_section]<\/p>\n","protected":false},"excerpt":{"rendered":"<p>Pokud se chcete do T\u00fddne pro wellbeing ve \u0161kole zapojit v r\u00e1mci cel\u00e9 \u0161koly, m\u016f\u017eete zvolit jednu z aktivit, kter\u00e9 jsme pro v\u00e1s p\u0159ipravili p\u0159\u00edmo pro tento \u00fa\u010del tak, aby byly nen\u00e1ro\u010dn\u00e9, kreativn\u00ed a z\u00e1rove\u0148 d\u00e1valy mo\u017enost po\u0159\u00eddit audiovizu\u00e1ln\u00ed materi\u00e1l, kter\u00fd m\u016f\u017eeme my nebo vy zve\u0159ejnit a uk\u00e1zat tak, \u017ee t\u00e9ma wellbeingu a du\u0161evn\u00edho zdrav\u00ed [&hellip;]<\/p>\n","protected":false},"author":2,"featured_media":25547123,"parent":0,"menu_order":0,"comment_status":"closed","ping_status":"closed","template":"","meta":{"_acf_changed":false,"_et_pb_use_builder":"on","_et_pb_old_content":"","_et_gb_content_width":"","inline_featured_image":false,"footnotes":""},"dipi_cpt_category":[],"class_list":["post-25547099","page","type-page","status-publish","has-post-thumbnail","hentry"],"acf":[],"_links":{"self":[{"href":"https:\/\/tydenprowellbeing.cz\/2025\/wp-json\/wp\/v2\/pages\/25547099","targetHints":{"allow":["GET"]}}],"collection":[{"href":"https:\/\/tydenprowellbeing.cz\/2025\/wp-json\/wp\/v2\/pages"}],"about":[{"href":"https:\/\/tydenprowellbeing.cz\/2025\/wp-json\/wp\/v2\/types\/page"}],"author":[{"embeddable":true,"href":"https:\/\/tydenprowellbeing.cz\/2025\/wp-json\/wp\/v2\/users\/2"}],"replies":[{"embeddable":true,"href":"https:\/\/tydenprowellbeing.cz\/2025\/wp-json\/wp\/v2\/comments?post=25547099"}],"version-history":[{"count":7,"href":"https:\/\/tydenprowellbeing.cz\/2025\/wp-json\/wp\/v2\/pages\/25547099\/revisions"}],"predecessor-version":[{"id":25547340,"href":"https:\/\/tydenprowellbeing.cz\/2025\/wp-json\/wp\/v2\/pages\/25547099\/revisions\/25547340"}],"wp:featuredmedia":[{"embeddable":true,"href":"https:\/\/tydenprowellbeing.cz\/2025\/wp-json\/wp\/v2\/media\/25547123"}],"wp:attachment":[{"href":"https:\/\/tydenprowellbeing.cz\/2025\/wp-json\/wp\/v2\/media?parent=25547099"}],"wp:term":[{"taxonomy":"dipi_cpt_category","embeddable":true,"href":"https:\/\/tydenprowellbeing.cz\/2025\/wp-json\/wp\/v2\/dipi_cpt_category?post=25547099"}],"curies":[{"name":"wp","href":"https:\/\/api.w.org\/{rel}","templated":true}]}}