{"id":25547229,"date":"2024-12-16T16:10:27","date_gmt":"2024-12-16T15:10:27","guid":{"rendered":"https:\/\/www.tydenprowellbeing.cz\/?page_id=25547229"},"modified":"2024-12-20T16:09:09","modified_gmt":"2024-12-20T15:09:09","slug":"kamaradstvi-aneb-co-je-v-pratelskych-vztazich-v-poradku-a-co-neni","status":"publish","type":"page","link":"https:\/\/tydenprowellbeing.cz\/2025\/kamaradstvi-aneb-co-je-v-pratelskych-vztazich-v-poradku-a-co-neni\/","title":{"rendered":"Kamar\u00e1dstv\u00ed aneb co je v p\u0159\u00e1telsk\u00fdch vztaz\u00edch v po\u0159\u00e1dku a co nen\u00ed"},"content":{"rendered":"<p>[et_pb_section fb_built=&#8220;1&#8243; _builder_version=&#8220;4.27.4&#8243; _module_preset=&#8220;default&#8220; global_colors_info=&#8220;{}&#8220;][et_pb_row _builder_version=&#8220;4.27.4&#8243; _module_preset=&#8220;default&#8220; global_colors_info=&#8220;{}&#8220;][et_pb_column type=&#8220;4_4&#8243; _builder_version=&#8220;4.27.4&#8243; _module_preset=&#8220;default&#8220; global_colors_info=&#8220;{}&#8220;][et_pb_image src=&#8220;https:\/\/www.tydenprowellbeing.cz\/wp-content\/uploads\/2024\/12\/uvodni-foto-k-materialum-pro-skoly-14-png.avif&#8220; title_text=&#8220;\u00favodn\u00ed foto k materi\u00e1l\u016fm pro \u0161koly-14&#8243; _builder_version=&#8220;4.27.4&#8243; _module_preset=&#8220;default&#8220; global_colors_info=&#8220;{}&#8220;][\/et_pb_image][et_pb_text _builder_version=&#8220;4.27.4&#8243; _module_preset=&#8220;default&#8220; text_text_color=&#8220;#3155A6&#8243; link_text_color=&#8220;#B391E5&#8243; global_colors_info=&#8220;{}&#8220;]<\/p>\n<p><strong>Kvalita vrstevnick\u00fdch vztah\u016f m\u00e1 u d\u011bt\u00ed a dosp\u00edvaj\u00edc\u00edch v\u00fdznamn\u00fd vliv na jejich du\u0161evn\u00ed pohodu a celkov\u011b i jejich \u0161koln\u00ed v\u00fdkon. \u0160kola je prost\u0159ed\u00edm, kde kontakt s\u00a0vrstevn\u00edky nen\u00ed volbou, ale nutn\u00fdm p\u0159edpokladem pro zapojen\u00ed se do b\u011b\u017en\u00fdch \u0161koln\u00edch aktivit.<\/strong><\/p>\n<p><span style=\"font-weight: 400;\">Krom\u011b toho, \u017ee by \u0161kola m\u011bla db\u00e1t na bezpe\u010dnou atmosf\u00e9ru ve t\u0159\u00edd\u011b a podporovat rozvoj komunika\u010dn\u00edch a interperson\u00e1ln\u00edch dovednost\u00ed d\u011bt\u00ed, nab\u00edz\u00ed tak\u00e9 mo\u017enost se s\u00a0d\u011btmi bavit o tom, jak\u00e9 chov\u00e1n\u00ed ve vztaz\u00edch je\/nen\u00ed v\u00a0po\u0159\u00e1dku a jak si nastavit bezpe\u010dn\u00e9 hranice. P\u0159edev\u0161\u00edm na prvn\u00edm stupni (p\u0159ibli\u017en\u011b od 3. t\u0159\u00eddy d\u00e1le), ale i druh\u00e9m stupni, m\u00e1 smysl se s\u00a0d\u011btmi bavit o tom, co vlastn\u011b znamen\u00e1 p\u0159\u00e1telstv\u00ed a konkr\u00e9tn\u011b:<\/span><\/p>\n<ul>\n<li style=\"font-weight: 400;\" aria-level=\"1\"><span style=\"font-weight: 400;\">jak si mysl\u00ed, \u017ee by se m\u011bl chovat kamar\u00e1d,<\/span><\/li>\n<li style=\"font-weight: 400;\" aria-level=\"1\"><span style=\"font-weight: 400;\">jak by se m\u011bly chovat ony samy, aby pro druh\u00e9 byly kamar\u00e1dy,<\/span><\/li>\n<li style=\"font-weight: 400;\" aria-level=\"1\"><span style=\"font-weight: 400;\">co je v\u00a0p\u0159\u00e1telstv\u00ed norm\u00e1ln\u00ed a b\u011b\u017en\u00e9,<\/span><\/li>\n<li style=\"font-weight: 400;\" aria-level=\"1\"><span style=\"font-weight: 400;\">co naopak ani kamar\u00e1d nem\u00e1 pr\u00e1vo po\u017eadovat,<\/span><\/li>\n<li style=\"font-weight: 400;\" aria-level=\"1\"><span style=\"font-weight: 400;\">co jsou to \u201ekamar\u00e1dsk\u00e1 tajemstv\u00ed\u201c a kdy tajemstv\u00ed p\u0159est\u00e1v\u00e1 b\u00fdt tajemstv\u00edm (nap\u0159. kdy\u017e se dozv\u00edm, \u017ee m\u00e9mu kamar\u00e1dovi doma ubli\u017euj\u00ed, nebo \u017ee ho n\u011bkdo vyd\u00edr\u00e1 na soci\u00e1ln\u00edch s\u00edt\u00edch atp.).<\/span><\/li>\n<\/ul>\n<blockquote>\n<p><span style=\"font-weight: 400;\">Takov\u00e9 pov\u00edd\u00e1n\u00ed se \u017e\u00e1ky m\u016f\u017ee b\u00fdt prevenc\u00ed pozd\u011bj\u0161\u00edho nevhodn\u00e9ho chov\u00e1n\u00ed d\u011bt\u00ed ve vztaz\u00edch a tak\u00e9 p\u016fdou pro nastaven\u00ed pravidel pro vz\u00e1jemn\u00e9 chov\u00e1n\u00ed ve \u0161kole (i nehled\u011b na kamar\u00e1dstv\u00ed).<\/span><\/p>\n<\/blockquote>\n<h3><span style=\"color: #3155a6;\"><b>Jak vyu\u017e\u00edt aktivitu ve t\u0159\u00edd\u011b bezpe\u010dn\u011b a efektivn\u011b?<\/b><\/span><\/h3>\n<p><span style=\"color: #3155a6;\"><b><\/b><\/span><\/p>\n<p><span style=\"font-weight: 400;\">P\u0159\u00edprava prost\u0159ed\u00ed\/nutn\u00e9 vybaven\u00ed nebo pom\u016fcky:<\/span><\/p>\n<ul>\n<li style=\"font-weight: 400;\" aria-level=\"1\"><span style=\"font-weight: 400;\">prom\u00edtnut\u00ed infografiky, pop\u0159. tisk a vylepen\u00ed na n\u00e1st\u011bnku<\/span><\/li>\n<li style=\"font-weight: 400;\" aria-level=\"1\"><span style=\"font-weight: 400;\">pap\u00edr a psac\u00ed pot\u0159eby<\/span><\/li>\n<li style=\"font-weight: 400;\" aria-level=\"1\"><span style=\"font-weight: 400;\">mo\u017enost vytvo\u0159en\u00ed kruhu pro z\u00e1v\u011bre\u010dnou reflexi<\/span><span style=\"font-weight: 400;\"><\/span><\/li>\n<\/ul>\n<h3><span style=\"color: #3155a6;\"><strong>P\u0159edstaven\u00ed aktivity a instrukce pro \u017e\u00e1ky a \u017e\u00e1kyn\u011b:<\/strong><\/span><\/h3>\n<p><span style=\"color: #3155a6;\"><strong><\/strong><\/span><\/p>\n<ul>\n<li style=\"font-weight: 400;\" aria-level=\"1\"><b>Za\u010dn\u011bte \u00favodem<\/b><span style=\"font-weight: 400;\"> \u2013 \u0159ekn\u011bte d\u011btem, \u010demu se v\u00a0n\u00e1sleduj\u00edc\u00edm \u010dase budete v\u011bnovat (pov\u00edd\u00e1n\u00ed o p\u0159\u00e1telstv\u00ed) a v\u00a0\u010dem je to pro n\u011b d\u016fle\u017eit\u00e9 (p\u0159\u00e1telstv\u00ed je n\u011bco, co se t\u00fdk\u00e1 n\u00e1s v\u0161ech; n\u011bkdo m\u00e1 kamar\u00e1d\u016f hodn\u011b, n\u011bkdo t\u0159eba jen jednoho a n\u011bkdo zat\u00edm kamar\u00e1da hled\u00e1; to je v\u00a0po\u0159\u00e1dku \u2013 ka\u017ed\u00fd to m\u00e1me jinak; p\u0159esto je ale d\u016fle\u017eit\u00e9 v\u011bd\u011bt, jak se k\u00a0sob\u011b v\u00a0kamar\u00e1dstv\u00ed chovat, aby druz\u00ed neubli\u017eovali n\u00e1m ani my jim atp.).<\/span><\/li>\n<li style=\"font-weight: 400;\" aria-level=\"1\"><b>Nechte d\u011bti vymyslet, jak by se m\u011bl chovat a co by m\u011bl d\u011blat kamar\u00e1d a z\u00e1rove\u0148, co by ur\u010dit\u011b d\u011blat nem\u011bl <\/b><span style=\"font-weight: 400;\">\u2013 m\u016f\u017ee bu\u010f pracovat ka\u017ed\u00fd s\u00e1m, nebo je m\u016f\u017eete rozd\u011blit do men\u0161\u00edch skupinek. P\u0159\u00edpadn\u011b lze kombinace \u2013 nejd\u0159\u00edve za\u010dne ka\u017ed\u00fd s\u00e1m a pot\u00e9 budou o tom, co vymyslely diskutovat ve skupink\u00e1ch. To, co vymysl\u00ed, je m\u016f\u017eete nechat sepsat, nakreslit, ale tak\u00e9 nap\u0159. sehr\u00e1t.<\/span><\/li>\n<li style=\"font-weight: 400;\" aria-level=\"1\"><b>Diskutujte o tom, co d\u011bti vymyslely v\u00a0kruhu <\/b><span style=\"font-weight: 400;\">\u2013 a\u0165 u\u017e d\u011bti pracovaly jednotliv\u011b nebo ve skupink\u00e1ch, poproste je, aby p\u0159ed ostatn\u00edmi sd\u00edlely, co vymyslely. Jejich n\u00e1pady m\u016f\u017eete ps\u00e1t na tabuli, na pap\u00edr, lep\u00edc\u00ed pap\u00edrky atp. Vytvo\u0159te tak spole\u010dn\u011b p\u0159ehled o tom, jak\u00e9 chov\u00e1n\u00ed je v\u00a0kamar\u00e1dstv\u00ed v\u00a0po\u0159\u00e1dku a kter\u00e9 nikoliv.\u00a0<\/span><\/li>\n<li style=\"font-weight: 400;\" aria-level=\"1\"><b>Shr\u0148te t\u00e9ma a vyu\u017eijte p\u0159ilo\u017eenou infografiku, na n\u00ed\u017e dovysv\u011btl\u00edte v\u0161e pot\u0159ebn\u00e9 <\/b><span style=\"font-weight: 400;\">\u2013 pokud dosud nezazn\u011blo t\u00e9ma \u201ekamar\u00e1dsk\u00fdch tajemstv\u00ed\u201c, zmi\u0148te ho a vysv\u011btlete d\u011btem na p\u0159\u00edkladech, co si kamar\u00e1di nech\u00e1vaj\u00ed pro sebe a co je d\u016fle\u017eit\u00e9 \u0159\u00edct dosp\u011bl\u00fdm (viz v\u00fd\u0161e).<\/span><\/li>\n<\/ul>\n<h3><span style=\"color: #3155a6;\"><strong>Rizika a jejich minimalizace:<\/strong><\/span><\/h3>\n<p><strong><\/strong><\/p>\n<ul>\n<li style=\"font-weight: 400;\" aria-level=\"1\"><span style=\"font-weight: 400;\">S\u00a0d\u011btmi se bavte o t\u00e9matu na obecn\u00e9 rovin\u011b, nezab\u00edhejte v\u00a0tomto p\u0159\u00edpad\u011b do jejich konkr\u00e9tn\u00edch zku\u0161enost\u00ed s\u00a0kamar\u00e1dy (to je lep\u0161\u00ed \u0159e\u0161it individu\u00e1ln\u011b, nap\u0159. po aktivit\u011b nebo ve spolupr\u00e1ci se \u0161koln\u00edm psychologem).<\/span><\/li>\n<\/ul>\n<ul>\n<li style=\"font-weight: 400;\" aria-level=\"1\"><span style=\"font-weight: 400;\">Pokud v\u00edte, \u017ee je ve t\u0159\u00edd\u011b n\u011bkdo, kdo se tr\u00e1p\u00ed t\u00edm, \u017ee \u201enem\u00e1\u201c \u017e\u00e1dn\u00e9ho kamar\u00e1da, p\u0159istupujte k\u00a0t\u00e9matu citliv\u011b. Zmi\u0148te, \u017ee mohou nastat obdob\u00ed, kdy nem\u00e1me \u017e\u00e1dn\u00e9 p\u0159\u00e1tele, ale \u017ee to neznamen\u00e1, \u017ee to tak mus\u00ed z\u016fstat nav\u017edy. Pokud si mysl\u00edte, \u017ee by se t\u00e9ma dan\u00e9ho \u017e\u00e1ka mohlo negativn\u011b dotknout, zva\u017ete vynech\u00e1n\u00ed aktivity, pop\u0159. po\u010d\u00edtejte s\u00a0t\u00edm, \u017ee bude \u017e\u00e1ka pot\u0159eba o\u0161et\u0159it po konci aktivity individu\u00e1ln\u011b.<\/span><\/li>\n<\/ul>\n<p><b>Dal\u0161\u00ed tipy nebo d\u016fle\u017eit\u00e9 pozn\u00e1mky: <\/b><span style=\"font-weight: 400;\">M\u016f\u017eete vyu\u017e\u00edt dal\u0161\u00edch materi\u00e1l\u016f a pom\u016fcek pro ilustraci toho, co je v\u00a0p\u0159\u00e1telstv\u00ed v\u00a0po\u0159\u00e1dku a co nikoliv \u2013 nap\u0159. n\u011bjak\u00fdch ilustra\u010dn\u00edch p\u0159\u00edb\u011bh\u016f (z knih, nebo kter\u00e9 sami vymysl\u00edte), loutek, poh\u00e1dek a film\u016f, zn\u00e1m\u00fdch osobnost\u00ed a superhrdin\u016f.<\/span><\/p>\n<p><span style=\"font-weight: 400;\"><\/span><\/p>\n<h3><a href=\"https:\/\/www.tydenprowellbeing.cz\/wp-content\/uploads\/2024\/12\/CL_infografika_Tyden_pro_wellbeing-pratelstvi.pdf\"><strong>Infografiku si m\u016f\u017eete st\u00e1hnout ZDE<\/strong><\/a><span style=\"font-weight: 400;\"><\/span><\/h3>\n<p><span style=\"font-weight: 400;\"><\/span><\/p>\n<p>[\/et_pb_text][\/et_pb_column][\/et_pb_row][et_pb_row column_structure=&#8220;1_3,1_3,1_3&#8243; _builder_version=&#8220;4.27.4&#8243; _module_preset=&#8220;default&#8220; global_colors_info=&#8220;{}&#8220;][et_pb_column type=&#8220;1_3&#8243; _builder_version=&#8220;4.27.4&#8243; _module_preset=&#8220;default&#8220; global_colors_info=&#8220;{}&#8220;][et_pb_image src=&#8220;https:\/\/www.tydenprowellbeing.cz\/wp-content\/uploads\/2024\/12\/CL_infografika_Tyden_pro_wellbeing-pratelstvi_page-0001.avif&#8220; title_text=&#8220;CL_infografika_Tyden_pro_wellbeing-pratelstvi_page-0001&#8243; _builder_version=&#8220;4.27.4&#8243; _module_preset=&#8220;default&#8220; global_colors_info=&#8220;{}&#8220;][\/et_pb_image][\/et_pb_column][et_pb_column type=&#8220;1_3&#8243; _builder_version=&#8220;4.27.4&#8243; _module_preset=&#8220;default&#8220; global_colors_info=&#8220;{}&#8220;][\/et_pb_column][et_pb_column type=&#8220;1_3&#8243; _builder_version=&#8220;4.27.4&#8243; _module_preset=&#8220;default&#8220; global_colors_info=&#8220;{}&#8220;][\/et_pb_column][\/et_pb_row][\/et_pb_section]<\/p>\n","protected":false},"excerpt":{"rendered":"<p>Kvalita vrstevnick\u00fdch vztah\u016f m\u00e1 u d\u011bt\u00ed a dosp\u00edvaj\u00edc\u00edch v\u00fdznamn\u00fd vliv na jejich du\u0161evn\u00ed pohodu a celkov\u011b i jejich \u0161koln\u00ed v\u00fdkon. \u0160kola je prost\u0159ed\u00edm, kde kontakt s\u00a0vrstevn\u00edky nen\u00ed volbou, ale nutn\u00fdm p\u0159edpokladem pro zapojen\u00ed se do b\u011b\u017en\u00fdch \u0161koln\u00edch aktivit. Krom\u011b toho, \u017ee by \u0161kola m\u011bla db\u00e1t na bezpe\u010dnou atmosf\u00e9ru ve t\u0159\u00edd\u011b a podporovat rozvoj komunika\u010dn\u00edch a [&hellip;]<\/p>\n","protected":false},"author":2,"featured_media":25547251,"parent":0,"menu_order":0,"comment_status":"closed","ping_status":"closed","template":"","meta":{"_acf_changed":false,"_et_pb_use_builder":"on","_et_pb_old_content":"","_et_gb_content_width":"","inline_featured_image":false,"footnotes":""},"dipi_cpt_category":[],"class_list":["post-25547229","page","type-page","status-publish","has-post-thumbnail","hentry"],"acf":[],"_links":{"self":[{"href":"https:\/\/tydenprowellbeing.cz\/2025\/wp-json\/wp\/v2\/pages\/25547229","targetHints":{"allow":["GET"]}}],"collection":[{"href":"https:\/\/tydenprowellbeing.cz\/2025\/wp-json\/wp\/v2\/pages"}],"about":[{"href":"https:\/\/tydenprowellbeing.cz\/2025\/wp-json\/wp\/v2\/types\/page"}],"author":[{"embeddable":true,"href":"https:\/\/tydenprowellbeing.cz\/2025\/wp-json\/wp\/v2\/users\/2"}],"replies":[{"embeddable":true,"href":"https:\/\/tydenprowellbeing.cz\/2025\/wp-json\/wp\/v2\/comments?post=25547229"}],"version-history":[{"count":8,"href":"https:\/\/tydenprowellbeing.cz\/2025\/wp-json\/wp\/v2\/pages\/25547229\/revisions"}],"predecessor-version":[{"id":25547347,"href":"https:\/\/tydenprowellbeing.cz\/2025\/wp-json\/wp\/v2\/pages\/25547229\/revisions\/25547347"}],"wp:featuredmedia":[{"embeddable":true,"href":"https:\/\/tydenprowellbeing.cz\/2025\/wp-json\/wp\/v2\/media\/25547251"}],"wp:attachment":[{"href":"https:\/\/tydenprowellbeing.cz\/2025\/wp-json\/wp\/v2\/media?parent=25547229"}],"wp:term":[{"taxonomy":"dipi_cpt_category","embeddable":true,"href":"https:\/\/tydenprowellbeing.cz\/2025\/wp-json\/wp\/v2\/dipi_cpt_category?post=25547229"}],"curies":[{"name":"wp","href":"https:\/\/api.w.org\/{rel}","templated":true}]}}