{"id":25547898,"date":"2025-01-12T23:12:07","date_gmt":"2025-01-12T22:12:07","guid":{"rendered":"https:\/\/www.tydenprowellbeing.cz\/?page_id=25547898"},"modified":"2025-01-23T14:04:40","modified_gmt":"2025-01-23T13:04:40","slug":"5-2-kroku-podpurneho-rozhovoru-nevypust-dusi","status":"publish","type":"page","link":"https:\/\/tydenprowellbeing.cz\/2025\/5-2-kroku-podpurneho-rozhovoru-nevypust-dusi\/","title":{"rendered":"5 + 2 krok\u016f podp\u016frn\u00e9ho rozhovoru (Nevypus\u0165 du\u0161i)"},"content":{"rendered":"<p>[et_pb_section fb_built=&#8220;1&#8243; _builder_version=&#8220;4.27.4&#8243; _module_preset=&#8220;default&#8220; global_colors_info=&#8220;{}&#8220;][et_pb_row _builder_version=&#8220;4.27.4&#8243; _module_preset=&#8220;default&#8220; global_colors_info=&#8220;{}&#8220;][et_pb_column type=&#8220;4_4&#8243; _builder_version=&#8220;4.27.4&#8243; _module_preset=&#8220;default&#8220; global_colors_info=&#8220;{}&#8220;][et_pb_image src=&#8220;https:\/\/www.tydenprowellbeing.cz\/wp-content\/uploads\/2025\/01\/uvodni-foto-k-materialum-pro-skoly-22-png.avif&#8220; title_text=&#8220;\u00favodn\u00ed foto k materi\u00e1l\u016fm pro \u0161koly-22&#8243; _builder_version=&#8220;4.27.4&#8243; _module_preset=&#8220;default&#8220; global_colors_info=&#8220;{}&#8220;][\/et_pb_image][et_pb_text _builder_version=&#8220;4.27.4&#8243; _module_preset=&#8220;default&#8220; text_text_color=&#8220;#3155A6&#8243; global_colors_info=&#8220;{}&#8220;]<\/p>\n<p>Ka\u017ed\u00e9 d\u00edt\u011b se n\u011bkdy dostane do situace, kdy nen\u00ed v pohod\u011b. My dosp\u011bl\u00ed jsme ti, kdo mu jsou nejbl\u00ed\u017e. V Nevypus\u0165 du\u0161i v\u00edme, \u017ee prvn\u00ed kroky na cest\u011b k \u0159e\u0161en\u00ed nepohody d\u00edt\u011bte zvl\u00e1daj\u00ed bl\u00edzc\u00ed sami.<\/p>\n<p><strong>Karty 5+2 krok\u016f v podp\u016frn\u00e9m rozhovoru jsou materi\u00e1l pro rodi\u010de a bl\u00edzk\u00e9 osoby, kter\u00e9 p\u0159em\u00fd\u0161l\u00ed, jak d\u00edt\u011b nejl\u00e9pe podpo\u0159it, podat mu pomocnou ruku, aby se nec\u00edtilo samo a mohlo se otev\u0159\u00edt pomoci ze strany n\u011bkoho dal\u0161\u00edho.<\/strong><\/p>\n<p>Nen\u00ed t\u0159eba co nejp\u0159esn\u011bji opakovat texty z karet. Je d\u016fle\u017eit\u00e9, abyste byli sami sebou. Nebojte se pou\u017e\u00edvat karty tak, aby sed\u011bly na va\u0161i situaci. Pokuste se ale zachovat po\u0159ad\u00ed f\u00e1z\u00ed v rozhovoru, rychl\u00e1 rada bez naslouch\u00e1n\u00ed v\u011bt\u0161inou u\u017eitek nep\u0159inese.<\/p>\n<div class=\"page\" title=\"Page 4\"><\/div>\n<div class=\"page\" title=\"Page 4\"><\/div>\n<div class=\"page\" title=\"Page 4\">\n<div class=\"layoutArea\">\n<div class=\"column\">\n<p><strong><\/strong><\/p>\n<p><strong>Karty z va\u0301s neude\u030claji\u0301 psychoterapeuta nebo krizovou interventku. V jake\u0301mkoli okamz\u030ciku potr\u030ceby vyhledejte odbornou pomoc pro sebe nebo di\u0301te\u030c.<\/strong><\/p>\n<p><strong><\/strong><\/p>\n<div class=\"page\" title=\"Page 4\">\n<div class=\"layoutArea\">\n<div class=\"column\">\n<p><span>Myslete na to, z\u030ce karty jsou na\u0301stroj preventivni\u0301. Nejsou urc\u030ceny pro situace za\u0301vaz\u030cny\u0301ch dus\u030cevni\u0301ch obti\u0301z\u030ci\u0301 c\u030ci akutni\u0301 krize, <\/span><span>v pr\u030ci\u0301pade\u030c ohroz\u030ceni\u0301 zdravi\u0301 volejte 155<\/span><span>.<\/span><\/p>\n<p><span><\/span><\/p>\n<div class=\"page\" title=\"Page 4\">\n<div class=\"layoutArea\">\n<div class=\"column\">\n<p><em>V karta\u0301ch je pro zjednodus\u030ceni\u0301 pouz\u030ci\u0301va\u0301no slovo \u201edi\u0301te\u030c\u201c, my\u0161leni*y jsou t\u00edm ale i dospi\u0301vaji\u0301ci\u0301. Rozhovor je pro de\u030cti od 10 let, pr\u030ci\u0301padne\u030c je tr\u030ceba jej upravit na za\u0301klade\u030c potr\u030ceb di\u0301te\u030cte samotne\u0301ho.<\/em><\/p>\n<\/div>\n<\/div>\n<\/div>\n<\/div>\n<\/div>\n<\/div>\n<\/div>\n<\/div>\n<\/div>\n<p>[\/et_pb_text][\/et_pb_column][\/et_pb_row][et_pb_row column_structure=&#8220;1_5,1_5,1_5,1_5,1_5&#8243; _builder_version=&#8220;4.27.4&#8243; _module_preset=&#8220;default&#8220; global_colors_info=&#8220;{}&#8220;][et_pb_column type=&#8220;1_5&#8243; _builder_version=&#8220;4.27.4&#8243; _module_preset=&#8220;default&#8220; global_colors_info=&#8220;{}&#8220;][et_pb_image src=&#8220;https:\/\/www.tydenprowellbeing.cz\/wp-content\/uploads\/2025\/01\/52-kroku-v-podpurnem-rozhovoru_page-0007.avif&#8220; title_text=&#8220;52-kroku-v-podpurnem-rozhovoru_page-0007&#8243; _builder_version=&#8220;4.27.4&#8243; _module_preset=&#8220;default&#8220; box_shadow_style=&#8220;preset1&#8243; box_shadow_color=&#8220;#78B6E4&#8243; global_colors_info=&#8220;{}&#8220;][\/et_pb_image][\/et_pb_column][et_pb_column type=&#8220;1_5&#8243; _builder_version=&#8220;4.27.4&#8243; _module_preset=&#8220;default&#8220; global_colors_info=&#8220;{}&#8220;][et_pb_image src=&#8220;https:\/\/www.tydenprowellbeing.cz\/wp-content\/uploads\/2025\/01\/52-kroku-v-podpurnem-rozhovoru_page-0009.avif&#8220; title_text=&#8220;52-kroku-v-podpurnem-rozhovoru_page-0009&#8243; _builder_version=&#8220;4.27.4&#8243; _module_preset=&#8220;default&#8220; box_shadow_style=&#8220;preset1&#8243; box_shadow_color=&#8220;#78B6E4&#8243; global_colors_info=&#8220;{}&#8220;][\/et_pb_image][\/et_pb_column][et_pb_column type=&#8220;1_5&#8243; _builder_version=&#8220;4.27.4&#8243; _module_preset=&#8220;default&#8220; global_colors_info=&#8220;{}&#8220;][et_pb_image src=&#8220;https:\/\/www.tydenprowellbeing.cz\/wp-content\/uploads\/2025\/01\/52-kroku-v-podpurnem-rozhovoru_page-0011.avif&#8220; title_text=&#8220;52-kroku-v-podpurnem-rozhovoru_page-0011&#8243; _builder_version=&#8220;4.27.4&#8243; _module_preset=&#8220;default&#8220; box_shadow_style=&#8220;preset1&#8243; box_shadow_color=&#8220;#78B6E4&#8243; global_colors_info=&#8220;{}&#8220;][\/et_pb_image][\/et_pb_column][et_pb_column type=&#8220;1_5&#8243; _builder_version=&#8220;4.27.4&#8243; _module_preset=&#8220;default&#8220; global_colors_info=&#8220;{}&#8220;][et_pb_image src=&#8220;https:\/\/www.tydenprowellbeing.cz\/wp-content\/uploads\/2025\/01\/52-kroku-v-podpurnem-rozhovoru_page-0013.avif&#8220; title_text=&#8220;52-kroku-v-podpurnem-rozhovoru_page-0013&#8243; _builder_version=&#8220;4.27.4&#8243; _module_preset=&#8220;default&#8220; box_shadow_style=&#8220;preset1&#8243; box_shadow_color=&#8220;#78B6E4&#8243; global_colors_info=&#8220;{}&#8220;][\/et_pb_image][\/et_pb_column][et_pb_column type=&#8220;1_5&#8243; _builder_version=&#8220;4.27.4&#8243; _module_preset=&#8220;default&#8220; global_colors_info=&#8220;{}&#8220;][et_pb_image src=&#8220;https:\/\/www.tydenprowellbeing.cz\/wp-content\/uploads\/2025\/01\/52-kroku-v-podpurnem-rozhovoru_page-0015.avif&#8220; title_text=&#8220;52-kroku-v-podpurnem-rozhovoru_page-0015&#8243; _builder_version=&#8220;4.27.4&#8243; _module_preset=&#8220;default&#8220; box_shadow_style=&#8220;preset1&#8243; box_shadow_color=&#8220;#78B6E4&#8243; global_colors_info=&#8220;{}&#8220;][\/et_pb_image][\/et_pb_column][\/et_pb_row][et_pb_row _builder_version=&#8220;4.27.4&#8243; _module_preset=&#8220;default&#8220; global_colors_info=&#8220;{}&#8220;][et_pb_column type=&#8220;4_4&#8243; _builder_version=&#8220;4.27.4&#8243; _module_preset=&#8220;default&#8220; global_colors_info=&#8220;{}&#8220;][et_pb_text _builder_version=&#8220;4.27.4&#8243; _module_preset=&#8220;default&#8220; text_text_color=&#8220;#3155A6&#8243; hover_enabled=&#8220;0&#8243; global_colors_info=&#8220;{}&#8220; sticky_enabled=&#8220;0&#8243;]<\/p>\n<p><strong>Karty k podp\u016frn\u00e9mu rozhovoru si m\u016f\u017eete st\u00e1hnout a vytisknout <a href=\"https:\/\/www.tydenprowellbeing.cz\/wp-content\/uploads\/2025\/01\/52-kroku-v-podpurnem-rozhovoru.pdf\">ZDE<\/a>.<\/strong><\/p>\n<p>[\/et_pb_text][\/et_pb_column][\/et_pb_row][et_pb_row column_structure=&#8220;1_2,1_2&#8243; _builder_version=&#8220;4.27.4&#8243; _module_preset=&#8220;default&#8220; global_colors_info=&#8220;{}&#8220;][et_pb_column type=&#8220;1_2&#8243; _builder_version=&#8220;4.27.4&#8243; _module_preset=&#8220;default&#8220; global_colors_info=&#8220;{}&#8220;][et_pb_image src=&#8220;https:\/\/www.tydenprowellbeing.cz\/wp-content\/uploads\/2025\/01\/5-2-KROKUI\u008a-PODPUI\u008aRNEI\u0081HO-ROZHOVORU_page-0001-scaled.avif&#8220; title_text=&#8220;5 + 2 KROKU\u00cc\u008a PODPU\u00cc\u008aRNE\u00cc\u0081HO ROZHOVORU_page-0001&#8243; _builder_version=&#8220;4.27.4&#8243; _module_preset=&#8220;default&#8220; hover_enabled=&#8220;0&#8243; global_colors_info=&#8220;{}&#8220; sticky_enabled=&#8220;0&#8243;][\/et_pb_image][et_pb_text _builder_version=&#8220;4.27.4&#8243; _module_preset=&#8220;default&#8220; text_text_color=&#8220;#3155A6&#8243; text_font_size=&#8220;19px&#8220; text_line_height=&#8220;1.8em&#8220; global_colors_info=&#8220;{}&#8220;]<\/p>\n<div class=\"page\" title=\"Page 2\">\n<div class=\"layoutArea\">\n<div class=\"column\">\n<p><strong><\/strong><\/p>\n<p><strong>\u201eKarty 5+2 mu\u030az\u030cou pomoct vs\u030cem dospe\u030cly\u0301m i de\u030ctem. Ukazuji\u0301 vhodnou cestu jak spolu mluvit i ve chvi\u0301li\u0301ch, kdy to vypada\u0301, z\u030ce z\u030ca\u0301dna\u0301 cesta neexistuje.\u201c<\/strong><\/p>\n<div class=\"page\" title=\"Page 2\">\n<div class=\"layoutArea\">\n<div class=\"column\"><em>Michal Povaz\u030can, prima\u0301r\u030c De\u030ctske\u0301 psychiatrie nemocnice Bohnice<\/em><\/div>\n<\/div>\n<\/div>\n<\/div>\n<\/div>\n<\/div>\n<p>[\/et_pb_text][\/et_pb_column][et_pb_column type=&#8220;1_2&#8243; _builder_version=&#8220;4.27.4&#8243; _module_preset=&#8220;default&#8220; global_colors_info=&#8220;{}&#8220;][et_pb_image src=&#8220;https:\/\/www.tydenprowellbeing.cz\/wp-content\/uploads\/2025\/01\/5-2-KROKUI\u008a-PODPUI\u008aRNEI\u0081HO-ROZHOVORU_page-0002-scaled.avif&#8220; title_text=&#8220;5 + 2 KROKU\u00cc\u008a PODPU\u00cc\u008aRNE\u00cc\u0081HO ROZHOVORU_page-0002&#8243; _builder_version=&#8220;4.27.4&#8243; _module_preset=&#8220;default&#8220; hover_enabled=&#8220;0&#8243; global_colors_info=&#8220;{}&#8220; sticky_enabled=&#8220;0&#8243;][\/et_pb_image][et_pb_text _builder_version=&#8220;4.27.4&#8243; _module_preset=&#8220;default&#8220; text_text_color=&#8220;#3155A6&#8243; text_font_size=&#8220;19px&#8220; text_line_height=&#8220;1.8em&#8220; hover_enabled=&#8220;0&#8243; global_colors_info=&#8220;{}&#8220; sticky_enabled=&#8220;0&#8243;]<\/p>\n<div class=\"page\" title=\"Page 2\">\n<div class=\"layoutArea\">\n<div class=\"column\">\n<p><strong><\/strong><\/p>\n<p><strong>\u201e &#8230; za\u0301chytne\u0301 lano pro kaz\u030cde\u0301ho dospe\u030cla\u0301ka, na ktere\u0301ho se obra\u0301ti\u0301 di\u0301te\u030c s ti\u0301z\u030civou z\u030civotni\u0301 situaci\u0301.\u201c<\/strong><\/p>\n<div class=\"page\" title=\"Page 2\">\n<div class=\"layoutArea\">\n<div class=\"column\">\n<p><em>Lucie C\u030celikovska\u0301, vedouci\u0301 Centra Hladina<\/em><\/p>\n<\/div>\n<\/div>\n<\/div>\n<\/div>\n<\/div>\n<\/div>\n<p>[\/et_pb_text][\/et_pb_column][\/et_pb_row][\/et_pb_section]<\/p>\n","protected":false},"excerpt":{"rendered":"<p>Ka\u017ed\u00e9 d\u00edt\u011b se n\u011bkdy dostane do situace, kdy nen\u00ed v pohod\u011b. My dosp\u011bl\u00ed jsme ti, kdo mu jsou nejbl\u00ed\u017e. V Nevypus\u0165 du\u0161i v\u00edme, \u017ee prvn\u00ed kroky na cest\u011b k \u0159e\u0161en\u00ed nepohody d\u00edt\u011bte zvl\u00e1daj\u00ed bl\u00edzc\u00ed sami. Karty 5+2 krok\u016f v podp\u016frn\u00e9m rozhovoru jsou materi\u00e1l pro rodi\u010de a bl\u00edzk\u00e9 osoby, kter\u00e9 p\u0159em\u00fd\u0161l\u00ed, jak d\u00edt\u011b nejl\u00e9pe podpo\u0159it, podat [&hellip;]<\/p>\n","protected":false},"author":2,"featured_media":0,"parent":0,"menu_order":0,"comment_status":"closed","ping_status":"closed","template":"","meta":{"_acf_changed":false,"_et_pb_use_builder":"on","_et_pb_old_content":"","_et_gb_content_width":"","inline_featured_image":false,"footnotes":""},"dipi_cpt_category":[],"class_list":["post-25547898","page","type-page","status-publish","hentry"],"acf":[],"_links":{"self":[{"href":"https:\/\/tydenprowellbeing.cz\/2025\/wp-json\/wp\/v2\/pages\/25547898","targetHints":{"allow":["GET"]}}],"collection":[{"href":"https:\/\/tydenprowellbeing.cz\/2025\/wp-json\/wp\/v2\/pages"}],"about":[{"href":"https:\/\/tydenprowellbeing.cz\/2025\/wp-json\/wp\/v2\/types\/page"}],"author":[{"embeddable":true,"href":"https:\/\/tydenprowellbeing.cz\/2025\/wp-json\/wp\/v2\/users\/2"}],"replies":[{"embeddable":true,"href":"https:\/\/tydenprowellbeing.cz\/2025\/wp-json\/wp\/v2\/comments?post=25547898"}],"version-history":[{"count":7,"href":"https:\/\/tydenprowellbeing.cz\/2025\/wp-json\/wp\/v2\/pages\/25547898\/revisions"}],"predecessor-version":[{"id":25548120,"href":"https:\/\/tydenprowellbeing.cz\/2025\/wp-json\/wp\/v2\/pages\/25547898\/revisions\/25548120"}],"wp:attachment":[{"href":"https:\/\/tydenprowellbeing.cz\/2025\/wp-json\/wp\/v2\/media?parent=25547898"}],"wp:term":[{"taxonomy":"dipi_cpt_category","embeddable":true,"href":"https:\/\/tydenprowellbeing.cz\/2025\/wp-json\/wp\/v2\/dipi_cpt_category?post=25547898"}],"curies":[{"name":"wp","href":"https:\/\/api.w.org\/{rel}","templated":true}]}}