{"id":25548380,"date":"2025-04-07T11:32:23","date_gmt":"2025-04-07T09:32:23","guid":{"rendered":"https:\/\/www.tydenprowellbeing.cz\/?page_id=25548380"},"modified":"2025-04-07T11:32:42","modified_gmt":"2025-04-07T09:32:42","slug":"checklist-skolske-prevence-narodni-pedagogicky-institut-ceske-republiky","status":"publish","type":"page","link":"https:\/\/tydenprowellbeing.cz\/2025\/checklist-skolske-prevence-narodni-pedagogicky-institut-ceske-republiky\/","title":{"rendered":"Checklist \u0161kolsk\u00e9 prevence (N\u00e1rodn\u00ed pedagogick\u00fd institut \u010cesk\u00e9 republiky)"},"content":{"rendered":"<p>[et_pb_section fb_built=&#8220;1&#8243; theme_builder_area=&#8220;post_content&#8220; _builder_version=&#8220;4.27.4&#8243; _module_preset=&#8220;default&#8220;][et_pb_row _builder_version=&#8220;4.27.4&#8243; _module_preset=&#8220;default&#8220; theme_builder_area=&#8220;post_content&#8220;][et_pb_column _builder_version=&#8220;4.27.4&#8243; _module_preset=&#8220;default&#8220; type=&#8220;4_4&#8243; theme_builder_area=&#8220;post_content&#8220;][et_pb_image src=&#8220;https:\/\/www.tydenprowellbeing.cz\/wp-content\/uploads\/2025\/04\/uvodni-foto-k-materialum-pro-skoly-25-png.avif&#8220; _builder_version=&#8220;4.27.4&#8243; _module_preset=&#8220;default&#8220; theme_builder_area=&#8220;post_content&#8220; title_text=&#8220;\u00favodn\u00ed foto k materi\u00e1l\u016fm pro \u0161koly-25&#8243; hover_enabled=&#8220;0&#8243; sticky_enabled=&#8220;0&#8243;][\/et_pb_image][\/et_pb_column][\/et_pb_row][et_pb_row _builder_version=&#8220;4.27.4&#8243; _module_preset=&#8220;default&#8220; theme_builder_area=&#8220;post_content&#8220;][et_pb_column _builder_version=&#8220;4.27.4&#8243; _module_preset=&#8220;default&#8220; type=&#8220;4_4&#8243; theme_builder_area=&#8220;post_content&#8220;][et_pb_text _builder_version=&#8220;4.27.4&#8243; _module_preset=&#8220;default&#8220; theme_builder_area=&#8220;post_content&#8220; text_text_color=&#8220;#3155A6&#8243; hover_enabled=&#8220;0&#8243; sticky_enabled=&#8220;0&#8243;]<\/p>\n<p><strong>Materi\u00e1l, kter\u00fd v\u00e1m d\u00e1v\u00e1me k dispozici, vytvo\u0159ilo pro N\u00e1rodn\u00ed pedagogick\u00fd institut expertstvo p\u016fsob\u00edc\u00ed v Pra\u017esk\u00e9m centru prim\u00e1rn\u00ed prevence s c\u00edlem poskytnout \u0161kol\u00e1m jednoduch\u00fd a praktick\u00fd n\u00e1stroj p\u0159i zva\u017eov\u00e1n\u00ed, jak\u00e9 preventivn\u00ed programy si do \u0161koly vybrat, aby byly co nejv\u00edce efektivn\u00ed a pro \u017eactvo\u00a0bezpe\u010dn\u00e9.<\/strong><\/p>\n<p><span style=\"color: #3155a6;\">Tento materi\u00e1l je ur\u010den\u00fd pro pedagogick\u00e9 pracovn\u00edky a pracovnice \u0161kol, zejm\u00e9na \u010dlenstvo \u0161koln\u00edho poradensk\u00e9ho pracovi\u0161t\u011b, veden\u00ed \u0161koly a vyu\u010duj\u00edc\u00ed zapojen\u00e9 do pl\u00e1nov\u00e1n\u00ed preventivn\u00edch aktivit ve \u0161kole.\u00a0<\/span><\/p>\n<p><strong>Do \u0161kol v\u00e1m chod\u00ed mnoho nab\u00eddek t\u00fdkaj\u00edc\u00edch se program\u016f prim\u00e1rn\u00ed prevence rizikov\u00e9ho chov\u00e1n\u00ed. Ne v\u0161echny nab\u00edzen\u00e9 akce jsou ale \u00fa\u010dinn\u00e9 a pro \u017e\u00e1ky a \u017e\u00e1kyn\u011b bezpe\u010dn\u00e9. Douf\u00e1me, \u017ee tento n\u00e1stroj V\u00e1m pom\u016f\u017ee rychleji posoudit nab\u00edzen\u00e9 programy v\u0161eobecn\u00e9 prim\u00e1rn\u00ed prevence rizikov\u00e9ho chov\u00e1n\u00ed, kter\u00e9 vstupuj\u00ed na p\u016fdu \u0161koly.<\/strong><\/p>\n<p><strong><\/strong><\/p>\n<h3><span style=\"color: #b391e5;\"><b>Jak s materi\u00e1lem pracovat?<\/b><\/span><\/h3>\n<p><span style=\"color: #b391e5;\"><b><\/b><\/span><\/p>\n<p>Uveden\u00e1 krit\u00e9ria slou\u017e\u00ed jako doporu\u010den\u00ed a z\u00e1rove\u0148 jako inspirace pro evaluaci extern\u00edch program\u016f pracuj\u00edc\u00edch s \u017eactvem. C\u00edlem nen\u00ed dos\u00e1hnout ur\u010dit\u00e9 hranice \u201ebod\u016f\u201c, nicm\u00e9n\u011b \u010d\u00edm v\u00edce krit\u00e9ri\u00ed efektivity program spl\u0148uje, t\u00edm je v\u011bt\u0161\u00ed pravd\u011bpodobnost, \u017ee se \u017e\u00e1k\u016fm a \u017e\u00e1kyn\u00edm dostane \u00fa\u010dinn\u00e1 a bezpe\u010dn\u00e1 preventivn\u00ed aktivita. V optim\u00e1ln\u00edm p\u0159\u00edpad\u011b by se ka\u017ed\u00fd preventivn\u00ed program realizovan\u00fd na Va\u0161\u00ed \u0161kole m\u011bl vyvarovat v\u0161ech bod\u016f uveden\u00fdch jako znaky neefektivn\u00ed prevence.<\/p>\n<p><strong>Dokument je mo\u017en\u00e9 pou\u017e\u00edt p\u0159i komunikaci s organizac\u00ed, kter\u00e1 Va\u0161\u00ed \u0161kole program nab\u00edz\u00ed, ale tak\u00e9 k reflexi ji\u017e realizovan\u00fdch program\u016f na Va\u0161\u00ed \u0161kole. P\u0159esto\u017ee je materi\u00e1l ur\u010den\u00fd pro posouzen\u00ed program\u016f nab\u00edzen\u00fdch extern\u00edmi organizacemi, mohou V\u00e1m uveden\u00e1 krit\u00e9ria poskytnout oporu tak\u00e9 p\u0159i realizaci vlastn\u00ed preventivn\u00ed pr\u00e1ce na \u0161kole. Stejn\u00e1 doporu\u010den\u00ed plat\u00ed tak\u00e9 pro programy veden\u00e9 pracovn\u00edky a pracovnicemi \u0161koly, nap\u0159. t\u0159\u00eddn\u00edmi vyu\u010duj\u00edc\u00edmi. <\/strong><strong>Pouze je pot\u0159eba myslet na to, \u017ee n\u011bkter\u00e9 z bod\u016f nejsou pro programy uskute\u010d\u0148ovan\u00e9 intern\u011b relevantn\u00ed.<\/strong><\/p>\n<h3><strong><span style=\"color: #3155a6;\">Materi\u00e1l samotn\u00fd najdete ke sta\u017een\u00ed<\/span> <a href=\"https:\/\/zapojmevsechny.cz\/storage\/app\/media\/uploaded-files\/Checklist%20primarni%20prevence.pdf\" target=\"_blank\" rel=\"noopener\"><span style=\"color: #b391e5;\">ZDE<\/span><\/a>\u00a0<\/strong><strong><\/strong><\/h3>\n<p><strong><\/strong><\/p>\n<p>[\/et_pb_text][\/et_pb_column][\/et_pb_row][et_pb_row _builder_version=&#8220;4.27.4&#8243; _module_preset=&#8220;default&#8220; theme_builder_area=&#8220;post_content&#8220; column_structure=&#8220;1_4,1_4,1_4,1_4&#8243;][et_pb_column _builder_version=&#8220;4.27.4&#8243; _module_preset=&#8220;default&#8220; type=&#8220;1_4&#8243; theme_builder_area=&#8220;post_content&#8220;][et_pb_image src=&#8220;https:\/\/www.tydenprowellbeing.cz\/wp-content\/uploads\/2025\/04\/Jak-poznat-efektivnA\u00ad-program-primA\u00a1rnA\u00ad-prevence_page-0001.avif&#8220; _builder_version=&#8220;4.27.4&#8243; _module_preset=&#8220;default&#8220; theme_builder_area=&#8220;post_content&#8220; title_text=&#8220;Jak poznat efektivn\u00c3\u00ad program prim\u00c3\u00a1rn\u00c3\u00ad prevence?_page-0001&#8243; box_shadow_style=&#8220;preset1&#8243; box_shadow_color=&#8220;#3155A6&#8243; hover_enabled=&#8220;0&#8243; sticky_enabled=&#8220;0&#8243;][\/et_pb_image][\/et_pb_column][et_pb_column _builder_version=&#8220;4.27.4&#8243; _module_preset=&#8220;default&#8220; type=&#8220;1_4&#8243; theme_builder_area=&#8220;post_content&#8220;][et_pb_image src=&#8220;https:\/\/www.tydenprowellbeing.cz\/wp-content\/uploads\/2025\/04\/Jak-poznat-efektivnA\u00ad-program-primA\u00a1rnA\u00ad-prevence_page-0002.avif&#8220; _builder_version=&#8220;4.27.4&#8243; _module_preset=&#8220;default&#8220; theme_builder_area=&#8220;post_content&#8220; title_text=&#8220;Jak poznat efektivn\u00c3\u00ad program prim\u00c3\u00a1rn\u00c3\u00ad prevence?_page-0002&#8243; box_shadow_style=&#8220;preset1&#8243; box_shadow_color=&#8220;#3155A6&#8243; hover_enabled=&#8220;0&#8243; sticky_enabled=&#8220;0&#8243;][\/et_pb_image][\/et_pb_column][et_pb_column _builder_version=&#8220;4.27.4&#8243; _module_preset=&#8220;default&#8220; type=&#8220;1_4&#8243; theme_builder_area=&#8220;post_content&#8220;][et_pb_image src=&#8220;https:\/\/www.tydenprowellbeing.cz\/wp-content\/uploads\/2025\/04\/Jak-poznat-efektivnA\u00ad-program-primA\u00a1rnA\u00ad-prevence_page-0003.avif&#8220; _builder_version=&#8220;4.27.4&#8243; _module_preset=&#8220;default&#8220; theme_builder_area=&#8220;post_content&#8220; title_text=&#8220;Jak poznat efektivn\u00c3\u00ad program prim\u00c3\u00a1rn\u00c3\u00ad prevence?_page-0003&#8243; box_shadow_style=&#8220;preset1&#8243; box_shadow_color=&#8220;#3155A6&#8243; hover_enabled=&#8220;0&#8243; sticky_enabled=&#8220;0&#8243;][\/et_pb_image][\/et_pb_column][et_pb_column _builder_version=&#8220;4.27.4&#8243; _module_preset=&#8220;default&#8220; type=&#8220;1_4&#8243; theme_builder_area=&#8220;post_content&#8220;][et_pb_image src=&#8220;https:\/\/www.tydenprowellbeing.cz\/wp-content\/uploads\/2025\/04\/Jak-poznat-efektivnA\u00ad-program-primA\u00a1rnA\u00ad-prevence_page-0004.avif&#8220; _builder_version=&#8220;4.27.4&#8243; _module_preset=&#8220;default&#8220; theme_builder_area=&#8220;post_content&#8220; title_text=&#8220;Jak poznat efektivn\u00c3\u00ad program prim\u00c3\u00a1rn\u00c3\u00ad prevence?_page-0004&#8243; box_shadow_style=&#8220;preset1&#8243; box_shadow_color=&#8220;#3155A6&#8243; hover_enabled=&#8220;0&#8243; sticky_enabled=&#8220;0&#8243;][\/et_pb_image][\/et_pb_column][\/et_pb_row][et_pb_row _builder_version=&#8220;4.27.4&#8243; _module_preset=&#8220;default&#8220; theme_builder_area=&#8220;post_content&#8220;][et_pb_column _builder_version=&#8220;4.27.4&#8243; _module_preset=&#8220;default&#8220; type=&#8220;4_4&#8243; theme_builder_area=&#8220;post_content&#8220;][et_pb_text _builder_version=&#8220;4.27.4&#8243; _module_preset=&#8220;default&#8220; theme_builder_area=&#8220;post_content&#8220; hover_enabled=&#8220;0&#8243; sticky_enabled=&#8220;0&#8243;]<\/p>\n<p><span style=\"color: #3155a6;\">Materi\u00e1l vytvo\u0159ili: <\/span><span style=\"color: #3155a6;\"><i>Bc.<\/i><i> <\/i><i>Roman<\/i><i> <\/i><i>Petrenko<\/i><i> <\/i><i>a<\/i><i> <\/i><i>PhDr.<\/i><i> <\/i><i>Lucie<\/i><i> <\/i><i>My\u0161kov\u00e1,<\/i><i> <\/i><i>Ph.D<\/i><\/span><\/p>\n<p>[\/et_pb_text][\/et_pb_column][\/et_pb_row][\/et_pb_section]<\/p>\n","protected":false},"excerpt":{"rendered":"<p>Materi\u00e1l, kter\u00fd v\u00e1m d\u00e1v\u00e1me k dispozici, vytvo\u0159ilo pro N\u00e1rodn\u00ed pedagogick\u00fd institut expertstvo p\u016fsob\u00edc\u00ed v Pra\u017esk\u00e9m centru prim\u00e1rn\u00ed prevence s c\u00edlem poskytnout \u0161kol\u00e1m jednoduch\u00fd a praktick\u00fd n\u00e1stroj p\u0159i zva\u017eov\u00e1n\u00ed, jak\u00e9 preventivn\u00ed programy si do \u0161koly vybrat, aby byly co nejv\u00edce efektivn\u00ed a pro \u017eactvo\u00a0bezpe\u010dn\u00e9. Tento materi\u00e1l je ur\u010den\u00fd pro pedagogick\u00e9 pracovn\u00edky a pracovnice \u0161kol, zejm\u00e9na \u010dlenstvo [&hellip;]<\/p>\n","protected":false},"author":2,"featured_media":0,"parent":0,"menu_order":0,"comment_status":"closed","ping_status":"closed","template":"","meta":{"_acf_changed":false,"_et_pb_use_builder":"on","_et_pb_old_content":"","_et_gb_content_width":"","inline_featured_image":false,"footnotes":""},"dipi_cpt_category":[],"class_list":["post-25548380","page","type-page","status-publish","hentry"],"acf":[],"_links":{"self":[{"href":"https:\/\/tydenprowellbeing.cz\/2025\/wp-json\/wp\/v2\/pages\/25548380","targetHints":{"allow":["GET"]}}],"collection":[{"href":"https:\/\/tydenprowellbeing.cz\/2025\/wp-json\/wp\/v2\/pages"}],"about":[{"href":"https:\/\/tydenprowellbeing.cz\/2025\/wp-json\/wp\/v2\/types\/page"}],"author":[{"embeddable":true,"href":"https:\/\/tydenprowellbeing.cz\/2025\/wp-json\/wp\/v2\/users\/2"}],"replies":[{"embeddable":true,"href":"https:\/\/tydenprowellbeing.cz\/2025\/wp-json\/wp\/v2\/comments?post=25548380"}],"version-history":[{"count":3,"href":"https:\/\/tydenprowellbeing.cz\/2025\/wp-json\/wp\/v2\/pages\/25548380\/revisions"}],"predecessor-version":[{"id":25548390,"href":"https:\/\/tydenprowellbeing.cz\/2025\/wp-json\/wp\/v2\/pages\/25548380\/revisions\/25548390"}],"wp:attachment":[{"href":"https:\/\/tydenprowellbeing.cz\/2025\/wp-json\/wp\/v2\/media?parent=25548380"}],"wp:term":[{"taxonomy":"dipi_cpt_category","embeddable":true,"href":"https:\/\/tydenprowellbeing.cz\/2025\/wp-json\/wp\/v2\/dipi_cpt_category?post=25548380"}],"curies":[{"name":"wp","href":"https:\/\/api.w.org\/{rel}","templated":true}]}}